{"id":9384,"date":"2023-10-18T21:00:56","date_gmt":"2023-10-18T21:00:56","guid":{"rendered":"https:\/\/manualidadesdemart.com\/Allbrandsmid\/?post_type=product&#038;p=9384"},"modified":"2023-10-18T21:02:27","modified_gmt":"2023-10-18T21:02:27","slug":"short-traje-de-bano-columbia-nino-l-14-16-2","status":"publish","type":"product","link":"https:\/\/manualidadesdemart.com\/Allbrandsmid\/shop\/ninas\/12-18-anos-ninas\/short-traje-de-bano-columbia-nino-l-14-16-2\/","title":{"rendered":"SHORT TRAJE DE BA\u00d1O COLUMBIA NI\u00d1O L (14\/16)"},"content":{"rendered":"<p>COLUMBIA INFANTIL<\/p>\n<p>MARCA: COLUMBIA<\/p>\n<p>TALLA: NI\u00d1OS L (14\/16)<\/p>\n<p>PRODUCTO 100% ORIGINAL<\/p>\n<p>Deja que tu peque\u00f1o viva la aventura con tranquilidad y dale protecci\u00f3n. Dise\u00f1ada con tecnolog\u00edas, lo mantendr\u00e1n cubierto y bastante fresco, para que nada detenga la diversi\u00f3n.<\/p>\n<p class=\"p1\">Tecnolog\u00edas:<\/p>\n<p class=\"p1\">\u2022 Omni-Shade UPF Bloquea los da\u00f1inos rayos UV en una variedad de formas: a trav\u00e9s de una construcci\u00f3n de tejido ajustado con absorbentes y reflectores de UV, cuenta con el sello de recomendaci\u00f3n de Skin Cancer Foundation.<br \/>\n\u2022 Omni-Wick Lo mantiene seco y c\u00f3modo, eliminando la humedad eficientemente.<\/p>\n","protected":false},"excerpt":{"rendered":"<p>COLUMBIA INFANTIL MARCA: COLUMBIA TALLA: NI\u00d1OS L (14\/16) PRODUCTO 100% ORIGINAL Deja que tu peque\u00f1o viva la aventura con tranquilidad y dale protecci\u00f3n. Dise\u00f1ada con tecnolog\u00edas, lo mantendr\u00e1n cubierto y bastante fresco, para que nada detenga la diversi\u00f3n. Tecnolog\u00edas: \u2022 Omni-Shade UPF Bloquea los da\u00f1inos rayos UV en una variedad de formas: a trav\u00e9s de una construcci\u00f3n de tejido ajustado con absorbentes y reflectores de UV, cuenta con el sello de recomendaci\u00f3n de Skin Cancer Foundation. \u2022 Omni-Wick Lo mantiene seco y c\u00f3modo, eliminando la humedad eficientemente.<\/p>\n","protected":false},"featured_media":8264,"template":"","meta":[],"product_cat":[34,92,33,95],"product_tag":[206,164,172,208,169],"class_list":{"0":"post-9384","1":"product","2":"type-product","3":"status-publish","4":"has-post-thumbnail","6":"product_cat-ninas","7":"product_cat-12-18-anos-ninas","8":"product_cat-ninos","9":"product_cat-12-18-anos-ninos","10":"product_tag-camisa","11":"product_tag-columbia","12":"product_tag-pesca","13":"product_tag-pfg","14":"product_tag-playa","16":"first","17":"instock","18":"purchasable","19":"product-type-simple"},"_links":{"self":[{"href":"https:\/\/manualidadesdemart.com\/Allbrandsmid\/wp-json\/wp\/v2\/product\/9384","targetHints":{"allow":["GET"]}}],"collection":[{"href":"https:\/\/manualidadesdemart.com\/Allbrandsmid\/wp-json\/wp\/v2\/product"}],"about":[{"href":"https:\/\/manualidadesdemart.com\/Allbrandsmid\/wp-json\/wp\/v2\/types\/product"}],"wp:featuredmedia":[{"embeddable":true,"href":"https:\/\/manualidadesdemart.com\/Allbrandsmid\/wp-json\/wp\/v2\/media\/8264"}],"wp:attachment":[{"href":"https:\/\/manualidadesdemart.com\/Allbrandsmid\/wp-json\/wp\/v2\/media?parent=9384"}],"wp:term":[{"taxonomy":"product_cat","embeddable":true,"href":"https:\/\/manualidadesdemart.com\/Allbrandsmid\/wp-json\/wp\/v2\/product_cat?post=9384"},{"taxonomy":"product_tag","embeddable":true,"href":"https:\/\/manualidadesdemart.com\/Allbrandsmid\/wp-json\/wp\/v2\/product_tag?post=9384"}],"curies":[{"name":"wp","href":"https:\/\/api.w.org\/{rel}","templated":true}]}}