{"id":8740,"date":"2023-08-09T22:51:43","date_gmt":"2023-08-09T22:51:43","guid":{"rendered":"https:\/\/manualidadesdemart.com\/Allbrandsmid\/?post_type=product&#038;p=8740"},"modified":"2024-06-19T20:59:12","modified_gmt":"2024-06-19T20:59:12","slug":"camisa-columbia-xl-149","status":"publish","type":"product","link":"https:\/\/manualidadesdemart.com\/Allbrandsmid\/shop\/hombres\/columbia\/talla-xl-xxl\/camisa-columbia-xl-149\/","title":{"rendered":"CAMISA COLUMBIA XL"},"content":{"rendered":"<p>COLUMBIA CAMISA XL<\/p>\n<p>MARCA: COLUMBIA<\/p>\n<p>TALLA: XL<\/p>\n<p>PRODUCTO 100% ORIGINAL<\/p>\n<p>Omni-Shade: estar seguro y protegido. Omni-shade bloquea los rayos UVA y UVB para ayudar a prevenir quemaduras solares y da\u00f1os a largo plazo en la piel. La construcci\u00f3n de tejido apretado con hilos absorbentes UV bloquea todo el espectro de los da\u00f1inos rayos UV.<\/p>\n<ul>\n<li>La camisa de manga corta Columbia Pfg cuenta con la exclusiva tela UPF\u00a0 para m\u00e1xima protecci\u00f3n contra los rayos UVA y UVB, tela transpirable que absorbe la humedad para mantenerte fresco y seco mientras est\u00e1s fuera.<\/li>\n<li>Ajuste cl\u00e1sico: con un ajuste cl\u00e1sico moderno, esta camiseta de manga corta es ultraligera y lo suficientemente c\u00f3moda para todas las actividades.<\/li>\n<\/ul>\n","protected":false},"excerpt":{"rendered":"<p>TALLA: S<\/p>\n","protected":false},"featured_media":2922,"template":"","meta":[],"product_cat":[193,197,32,85],"product_tag":[203,199,164,172,208],"class_list":{"0":"post-8740","1":"product","2":"type-product","3":"status-publish","4":"has-post-thumbnail","6":"product_cat-columbia","7":"product_cat-talla-xl-xxl","8":"product_cat-hombres","9":"product_cat-camisas","10":"product_tag-azul","11":"product_tag-camisa-columbia","12":"product_tag-columbia","13":"product_tag-pesca","14":"product_tag-pfg","16":"first","17":"instock","18":"purchasable","19":"product-type-simple"},"_links":{"self":[{"href":"https:\/\/manualidadesdemart.com\/Allbrandsmid\/wp-json\/wp\/v2\/product\/8740","targetHints":{"allow":["GET"]}}],"collection":[{"href":"https:\/\/manualidadesdemart.com\/Allbrandsmid\/wp-json\/wp\/v2\/product"}],"about":[{"href":"https:\/\/manualidadesdemart.com\/Allbrandsmid\/wp-json\/wp\/v2\/types\/product"}],"wp:featuredmedia":[{"embeddable":true,"href":"https:\/\/manualidadesdemart.com\/Allbrandsmid\/wp-json\/wp\/v2\/media\/2922"}],"wp:attachment":[{"href":"https:\/\/manualidadesdemart.com\/Allbrandsmid\/wp-json\/wp\/v2\/media?parent=8740"}],"wp:term":[{"taxonomy":"product_cat","embeddable":true,"href":"https:\/\/manualidadesdemart.com\/Allbrandsmid\/wp-json\/wp\/v2\/product_cat?post=8740"},{"taxonomy":"product_tag","embeddable":true,"href":"https:\/\/manualidadesdemart.com\/Allbrandsmid\/wp-json\/wp\/v2\/product_tag?post=8740"}],"curies":[{"name":"wp","href":"https:\/\/api.w.org\/{rel}","templated":true}]}}