{"id":8573,"date":"2023-07-27T17:42:20","date_gmt":"2023-07-27T17:42:20","guid":{"rendered":"https:\/\/manualidadesdemart.com\/Allbrandsmid\/?post_type=product&#038;p=8573"},"modified":"2024-03-14T21:29:12","modified_gmt":"2024-03-14T21:29:12","slug":"sandalias-columbia-nino-19-cm","status":"publish","type":"product","link":"https:\/\/manualidadesdemart.com\/Allbrandsmid\/shop\/zapatos\/hombres-zapatos\/sandalias-columbia-nino-19-cm\/","title":{"rendered":"SANDALIAS COLUMBIA NI\u00d1O 19 CM"},"content":{"rendered":"<p>SANDALIAS COLUMBIA 19 CM<\/p>\n<p>MARCA: COLUMBIA<\/p>\n<p>TALLA: 19 CM<\/p>\n<p>10 AMERICANO<\/p>\n<p>PRODUCTO 100% ORIGINAL<\/p>\n<p>Dise\u00f1o \u00fanico y casual para cualquier d\u00eda de la semana, para la playa, o un d\u00eda de calor, elaborado a base de materiales sint\u00e9ticos de la m\u00e1s alta calidad.<\/p>\n","protected":false},"excerpt":{"rendered":"<p>TALLA: 8 MEXICANO<\/p>\n<p>10 AMERICANO<\/p>\n","protected":false},"featured_media":8571,"template":"","meta":[],"product_cat":[32,92,90,91,95,93,94,37,100],"product_tag":[234,172,169,233,232],"class_list":{"0":"post-8573","1":"product","2":"type-product","3":"status-publish","4":"has-post-thumbnail","6":"product_cat-hombres","7":"product_cat-12-18-anos-ninas","8":"product_cat-2-5-anos-ninas","9":"product_cat-6-10-anos-ninas","10":"product_cat-12-18-anos-ninos","11":"product_cat-2-5-anos-ninos","12":"product_cat-6-10-anos-ninos","13":"product_cat-zapatos","14":"product_cat-hombres-zapatos","15":"product_tag-chanclas","16":"product_tag-pesca","17":"product_tag-playa","18":"product_tag-sandalias","19":"product_tag-zapatos","21":"first","22":"instock","23":"purchasable","24":"product-type-simple"},"_links":{"self":[{"href":"https:\/\/manualidadesdemart.com\/Allbrandsmid\/wp-json\/wp\/v2\/product\/8573","targetHints":{"allow":["GET"]}}],"collection":[{"href":"https:\/\/manualidadesdemart.com\/Allbrandsmid\/wp-json\/wp\/v2\/product"}],"about":[{"href":"https:\/\/manualidadesdemart.com\/Allbrandsmid\/wp-json\/wp\/v2\/types\/product"}],"wp:featuredmedia":[{"embeddable":true,"href":"https:\/\/manualidadesdemart.com\/Allbrandsmid\/wp-json\/wp\/v2\/media\/8571"}],"wp:attachment":[{"href":"https:\/\/manualidadesdemart.com\/Allbrandsmid\/wp-json\/wp\/v2\/media?parent=8573"}],"wp:term":[{"taxonomy":"product_cat","embeddable":true,"href":"https:\/\/manualidadesdemart.com\/Allbrandsmid\/wp-json\/wp\/v2\/product_cat?post=8573"},{"taxonomy":"product_tag","embeddable":true,"href":"https:\/\/manualidadesdemart.com\/Allbrandsmid\/wp-json\/wp\/v2\/product_tag?post=8573"}],"curies":[{"name":"wp","href":"https:\/\/api.w.org\/{rel}","templated":true}]}}