{"id":6784,"date":"2023-02-16T17:51:45","date_gmt":"2023-02-16T17:51:45","guid":{"rendered":"https:\/\/manualidadesdemart.com\/Allbrandsmid\/?post_type=product&#038;p=6784"},"modified":"2023-09-12T17:37:07","modified_gmt":"2023-09-12T17:37:07","slug":"vaso-columbia-12-oz-3","status":"publish","type":"product","link":"https:\/\/manualidadesdemart.com\/Allbrandsmid\/shop\/bolsas-y-accesorios\/accesorios\/vaso-columbia-12-oz-3\/","title":{"rendered":"VASO COLUMBIA 12 OZ"},"content":{"rendered":"<p>TERMO COLUMBIA 12 OZ<\/p>\n<p>MARCA: COLUMBIA<\/p>\n<p>MEDIDA: 12 OZ<\/p>\n<p>PRODUCTO 100% ORIGINAL<\/p>\n<p>El aislamiento al vac\u00edo de doble pared mantiene la bebida caliente o fr\u00eda. Construcci\u00f3n de acero inoxidable 18\/8 para una vida \u00fatil de uso confiable See Thru Elegante tapa a presi\u00f3n Sin BPA Tapa Sip-It f\u00e1cil de abrir y deslizar con popote.<\/p>\n","protected":false},"excerpt":{"rendered":"<p>MEDIDA: 12 OZ<\/p>\n","protected":false},"featured_media":6782,"template":"","meta":[],"product_cat":[116,36],"product_tag":[164],"class_list":{"0":"post-6784","1":"product","2":"type-product","3":"status-publish","4":"has-post-thumbnail","6":"product_cat-accesorios","7":"product_cat-accesorios-caballeros","8":"product_tag-columbia","10":"first","11":"instock","12":"purchasable","13":"product-type-simple"},"_links":{"self":[{"href":"https:\/\/manualidadesdemart.com\/Allbrandsmid\/wp-json\/wp\/v2\/product\/6784","targetHints":{"allow":["GET"]}}],"collection":[{"href":"https:\/\/manualidadesdemart.com\/Allbrandsmid\/wp-json\/wp\/v2\/product"}],"about":[{"href":"https:\/\/manualidadesdemart.com\/Allbrandsmid\/wp-json\/wp\/v2\/types\/product"}],"wp:featuredmedia":[{"embeddable":true,"href":"https:\/\/manualidadesdemart.com\/Allbrandsmid\/wp-json\/wp\/v2\/media\/6782"}],"wp:attachment":[{"href":"https:\/\/manualidadesdemart.com\/Allbrandsmid\/wp-json\/wp\/v2\/media?parent=6784"}],"wp:term":[{"taxonomy":"product_cat","embeddable":true,"href":"https:\/\/manualidadesdemart.com\/Allbrandsmid\/wp-json\/wp\/v2\/product_cat?post=6784"},{"taxonomy":"product_tag","embeddable":true,"href":"https:\/\/manualidadesdemart.com\/Allbrandsmid\/wp-json\/wp\/v2\/product_tag?post=6784"}],"curies":[{"name":"wp","href":"https:\/\/api.w.org\/{rel}","templated":true}]}}