{"id":6003,"date":"2022-11-28T15:59:14","date_gmt":"2022-11-28T15:59:14","guid":{"rendered":"https:\/\/manualidadesdemart.com\/Allbrandsmid\/?post_type=product&#038;p=6003"},"modified":"2024-09-18T00:07:47","modified_gmt":"2024-09-18T00:07:47","slug":"camisa-columbia-xl-83","status":"publish","type":"product","link":"https:\/\/manualidadesdemart.com\/Allbrandsmid\/shop\/hombres\/columbia\/talla-xl-xxl\/camisa-columbia-xl-83\/","title":{"rendered":"CAMISA COLUMBIA XL"},"content":{"rendered":"<p data-reader-unique-id=\"1\">CAMISA COLUMBIA PFG<\/p>\n<p data-reader-unique-id=\"2\">MARCA: COLUMBIA<\/p>\n<p data-reader-unique-id=\"3\">TALLA: XL<\/p>\n<p data-reader-unique-id=\"3\">PRODUCTO 100% ORIGINAL<\/p>\n<p data-reader-unique-id=\"5\">Deja que tu peque\u00f1o viva la aventura con tranquilidad y dale protecci\u00f3n Uv. Dise\u00f1ada con tecnolog\u00edas, lo mantendr\u00e1n cubierto y bastante fresco, para que nada detenga la diversi\u00f3n.<\/p>\n<p data-reader-unique-id=\"6\">Tecnolog\u00edas:<\/p>\n<p data-reader-unique-id=\"7\">\u2022 Omni-Shade UPF Bloquea los da\u00f1inos rayos UV en una variedad de formas: a trav\u00e9s de una construcci\u00f3n de tejido ajustado con absorbentes y reflectores de UV, cuenta con el sello de recomendaci\u00f3n de Skin Cancer Foundation.<br data-reader-unique-id=\"8\" \/>\u2022 Omni-Wick Lo mantiene seco y c\u00f3modo, eliminando la humedad eficientemente.<\/p>\n","protected":false},"excerpt":{"rendered":"<p>TALLA: EXTRA GRANDE<\/p>\n","protected":false},"featured_media":4627,"template":"","meta":[],"product_cat":[193,197,32],"product_tag":[199,164,172,208],"class_list":{"0":"post-6003","1":"product","2":"type-product","3":"status-publish","4":"has-post-thumbnail","6":"product_cat-columbia","7":"product_cat-talla-xl-xxl","8":"product_cat-hombres","9":"product_tag-camisa-columbia","10":"product_tag-columbia","11":"product_tag-pesca","12":"product_tag-pfg","14":"first","15":"instock","16":"purchasable","17":"product-type-simple"},"_links":{"self":[{"href":"https:\/\/manualidadesdemart.com\/Allbrandsmid\/wp-json\/wp\/v2\/product\/6003","targetHints":{"allow":["GET"]}}],"collection":[{"href":"https:\/\/manualidadesdemart.com\/Allbrandsmid\/wp-json\/wp\/v2\/product"}],"about":[{"href":"https:\/\/manualidadesdemart.com\/Allbrandsmid\/wp-json\/wp\/v2\/types\/product"}],"wp:featuredmedia":[{"embeddable":true,"href":"https:\/\/manualidadesdemart.com\/Allbrandsmid\/wp-json\/wp\/v2\/media\/4627"}],"wp:attachment":[{"href":"https:\/\/manualidadesdemart.com\/Allbrandsmid\/wp-json\/wp\/v2\/media?parent=6003"}],"wp:term":[{"taxonomy":"product_cat","embeddable":true,"href":"https:\/\/manualidadesdemart.com\/Allbrandsmid\/wp-json\/wp\/v2\/product_cat?post=6003"},{"taxonomy":"product_tag","embeddable":true,"href":"https:\/\/manualidadesdemart.com\/Allbrandsmid\/wp-json\/wp\/v2\/product_tag?post=6003"}],"curies":[{"name":"wp","href":"https:\/\/api.w.org\/{rel}","templated":true}]}}