{"id":5907,"date":"2022-11-22T23:01:15","date_gmt":"2022-11-22T23:01:15","guid":{"rendered":"https:\/\/manualidadesdemart.com\/Allbrandsmid\/?post_type=product&#038;p=5907"},"modified":"2022-11-22T23:02:27","modified_gmt":"2022-11-22T23:02:27","slug":"short-columbia-ninos-3t","status":"publish","type":"product","link":"https:\/\/manualidadesdemart.com\/Allbrandsmid\/shop\/ninos\/2-5-anos-ninos\/short-columbia-ninos-3t\/","title":{"rendered":"SHORT COLUMBIA NI\u00d1OS 3T"},"content":{"rendered":"<p>SHORT COLUMBIA NI\u00d1OS 3T<\/p>\n<p>MARCA: COLUMBIA<\/p>\n<p>TALLA: NI\u00d1OS 3T<\/p>\n<p>PRODUCTO 100% ORIGINAL<\/p>\n<p>Deja que tu peque\u00f1o viva la aventura con tranquilidad y dale protecci\u00f3n. Dise\u00f1ada con tecnolog\u00edas, lo mantendr\u00e1n cubierto y bastante fresco, para que nada detenga la diversi\u00f3n.<\/p>\n<p class=\"p1\">Tecnolog\u00edas:<\/p>\n<p class=\"p1\">\u2022 Omni-Shade UPF Bloquea los da\u00f1inos rayos UV en una variedad de formas: a trav\u00e9s de una construcci\u00f3n de tejido ajustado con absorbentes y reflectores de UV, cuenta con el sello de recomendaci\u00f3n de Skin Cancer Foundation.<br \/>\n\u2022 Omni-Wick Lo mantiene seco y c\u00f3modo, eliminando la humedad eficientemente.<\/p>\n","protected":false},"excerpt":{"rendered":"<p>TALLA : 3T<\/p>\n","protected":false},"featured_media":4376,"template":"","meta":[],"product_cat":[33,93],"product_tag":[164,172,208,169],"class_list":{"0":"post-5907","1":"product","2":"type-product","3":"status-publish","4":"has-post-thumbnail","6":"product_cat-ninos","7":"product_cat-2-5-anos-ninos","8":"product_tag-columbia","9":"product_tag-pesca","10":"product_tag-pfg","11":"product_tag-playa","13":"first","14":"instock","15":"purchasable","16":"product-type-simple"},"_links":{"self":[{"href":"https:\/\/manualidadesdemart.com\/Allbrandsmid\/wp-json\/wp\/v2\/product\/5907","targetHints":{"allow":["GET"]}}],"collection":[{"href":"https:\/\/manualidadesdemart.com\/Allbrandsmid\/wp-json\/wp\/v2\/product"}],"about":[{"href":"https:\/\/manualidadesdemart.com\/Allbrandsmid\/wp-json\/wp\/v2\/types\/product"}],"wp:featuredmedia":[{"embeddable":true,"href":"https:\/\/manualidadesdemart.com\/Allbrandsmid\/wp-json\/wp\/v2\/media\/4376"}],"wp:attachment":[{"href":"https:\/\/manualidadesdemart.com\/Allbrandsmid\/wp-json\/wp\/v2\/media?parent=5907"}],"wp:term":[{"taxonomy":"product_cat","embeddable":true,"href":"https:\/\/manualidadesdemart.com\/Allbrandsmid\/wp-json\/wp\/v2\/product_cat?post=5907"},{"taxonomy":"product_tag","embeddable":true,"href":"https:\/\/manualidadesdemart.com\/Allbrandsmid\/wp-json\/wp\/v2\/product_tag?post=5907"}],"curies":[{"name":"wp","href":"https:\/\/api.w.org\/{rel}","templated":true}]}}