{"id":4764,"date":"2022-08-29T19:32:46","date_gmt":"2022-08-29T19:32:46","guid":{"rendered":"https:\/\/manualidadesdemart.com\/Allbrandsmid\/?post_type=product&#038;p=4764"},"modified":"2023-12-30T00:18:02","modified_gmt":"2023-12-30T00:18:02","slug":"camisa-columbia-xxl-24","status":"publish","type":"product","link":"https:\/\/manualidadesdemart.com\/Allbrandsmid\/shop\/hombres\/columbia\/talla-xl-xxl\/camisa-columbia-xxl-24\/","title":{"rendered":"CAMISA COLUMBIA XXL"},"content":{"rendered":"<p>COLUMBIA CAMISA MANGA LARGA XXL<\/p>\n<p>MARCA: COLUMBIA<\/p>\n<p>TALLA: XXL<\/p>\n<p>PRODUCTO 100% ORIGINAL<\/p>\n<p>Omni-Shade: estar seguro y protegido. Omni-shade bloquea los rayos UVA y UVB para ayudar a prevenir quemaduras solares y da\u00f1os a largo plazo en la piel. La construcci\u00f3n de tejido apretado con hilos absorbentes UV bloquea todo el espectro de los da\u00f1inos rayos UV.<\/p>\n<ul>\n<li>La camisa de manga corta Columbia Pfg cuenta con la exclusiva tela UPF\u00a0 para m\u00e1xima protecci\u00f3n contra los rayos UVA y UVB, tela transpirable que absorbe la humedad para mantenerte fresco y seco mientras est\u00e1s fuera.<\/li>\n<li>Ajuste cl\u00e1sico: con un ajuste cl\u00e1sico moderno, esta camiseta de manga corta es ultraligera y lo suficientemente c\u00f3moda para todas las actividades.<\/li>\n<\/ul>\n","protected":false},"excerpt":{"rendered":"<p>TALLA: XXL<\/p>\n","protected":false},"featured_media":2150,"template":"","meta":[],"product_cat":[193,197,32,85],"product_tag":[199,164,172,208,167,184],"class_list":{"0":"post-4764","1":"product","2":"type-product","3":"status-publish","4":"has-post-thumbnail","6":"product_cat-columbia","7":"product_cat-talla-xl-xxl","8":"product_cat-hombres","9":"product_cat-camisas","10":"product_tag-camisa-columbia","11":"product_tag-columbia","12":"product_tag-pesca","13":"product_tag-pfg","14":"product_tag-talla-chica","15":"product_tag-talla-chico","17":"first","18":"instock","19":"purchasable","20":"product-type-simple"},"_links":{"self":[{"href":"https:\/\/manualidadesdemart.com\/Allbrandsmid\/wp-json\/wp\/v2\/product\/4764","targetHints":{"allow":["GET"]}}],"collection":[{"href":"https:\/\/manualidadesdemart.com\/Allbrandsmid\/wp-json\/wp\/v2\/product"}],"about":[{"href":"https:\/\/manualidadesdemart.com\/Allbrandsmid\/wp-json\/wp\/v2\/types\/product"}],"wp:featuredmedia":[{"embeddable":true,"href":"https:\/\/manualidadesdemart.com\/Allbrandsmid\/wp-json\/wp\/v2\/media\/2150"}],"wp:attachment":[{"href":"https:\/\/manualidadesdemart.com\/Allbrandsmid\/wp-json\/wp\/v2\/media?parent=4764"}],"wp:term":[{"taxonomy":"product_cat","embeddable":true,"href":"https:\/\/manualidadesdemart.com\/Allbrandsmid\/wp-json\/wp\/v2\/product_cat?post=4764"},{"taxonomy":"product_tag","embeddable":true,"href":"https:\/\/manualidadesdemart.com\/Allbrandsmid\/wp-json\/wp\/v2\/product_tag?post=4764"}],"curies":[{"name":"wp","href":"https:\/\/api.w.org\/{rel}","templated":true}]}}