{"id":4025,"date":"2022-06-05T23:25:36","date_gmt":"2022-06-05T23:25:36","guid":{"rendered":"https:\/\/manualidadesdemart.com\/Allbrandsmid\/?post_type=product&#038;p=4025"},"modified":"2023-09-12T17:37:50","modified_gmt":"2023-09-12T17:37:50","slug":"taza-columbia-15-oz","status":"publish","type":"product","link":"https:\/\/manualidadesdemart.com\/Allbrandsmid\/shop\/bolsas-y-accesorios\/accesorios\/taza-columbia-15-oz\/","title":{"rendered":"TAZA COLUMBIA 15 OZ"},"content":{"rendered":"<p>TAZA COLUMBIA 15 OZ<\/p>\n<p>MARCA: COLUMBIA<\/p>\n<p>MEDIDA: 15 OZ<\/p>\n<p>PRODUCTO 100% ORIGINAL<\/p>\n<p>CAF\u00c9 CALIENTE ADELANTE Mant\u00e9n tu caf\u00e9 caliente, incluso en las fr\u00edas ma\u00f1anas. Esta Taza resistente de acero inoxidable resistir\u00e1 el uso rudo.<\/p>\n<p>El aislamiento al vac\u00edo de doble pared mantiene la bebida caliente Acero inoxidable 18\/8 para una vida \u00fatil de uso confiable La elegante tapa de ajuste a presi\u00f3n garantiza que no derrames ni una gota. Sin BPA Mango soldado para un agarre seguro<\/p>\n","protected":false},"excerpt":{"rendered":"<p>MEDIDA: 15 OZ<\/p>\n","protected":false},"featured_media":4026,"template":"","meta":[],"product_cat":[116,36],"product_tag":[164],"class_list":{"0":"post-4025","1":"product","2":"type-product","3":"status-publish","4":"has-post-thumbnail","6":"product_cat-accesorios","7":"product_cat-accesorios-caballeros","8":"product_tag-columbia","10":"first","11":"instock","12":"purchasable","13":"product-type-simple"},"_links":{"self":[{"href":"https:\/\/manualidadesdemart.com\/Allbrandsmid\/wp-json\/wp\/v2\/product\/4025","targetHints":{"allow":["GET"]}}],"collection":[{"href":"https:\/\/manualidadesdemart.com\/Allbrandsmid\/wp-json\/wp\/v2\/product"}],"about":[{"href":"https:\/\/manualidadesdemart.com\/Allbrandsmid\/wp-json\/wp\/v2\/types\/product"}],"wp:featuredmedia":[{"embeddable":true,"href":"https:\/\/manualidadesdemart.com\/Allbrandsmid\/wp-json\/wp\/v2\/media\/4026"}],"wp:attachment":[{"href":"https:\/\/manualidadesdemart.com\/Allbrandsmid\/wp-json\/wp\/v2\/media?parent=4025"}],"wp:term":[{"taxonomy":"product_cat","embeddable":true,"href":"https:\/\/manualidadesdemart.com\/Allbrandsmid\/wp-json\/wp\/v2\/product_cat?post=4025"},{"taxonomy":"product_tag","embeddable":true,"href":"https:\/\/manualidadesdemart.com\/Allbrandsmid\/wp-json\/wp\/v2\/product_tag?post=4025"}],"curies":[{"name":"wp","href":"https:\/\/api.w.org\/{rel}","templated":true}]}}