{"id":3941,"date":"2022-04-13T00:05:08","date_gmt":"2022-04-13T00:05:08","guid":{"rendered":"https:\/\/manualidadesdemart.com\/Allbrandsmid\/?post_type=product&#038;p=3941"},"modified":"2022-04-13T00:06:46","modified_gmt":"2022-04-13T00:06:46","slug":"short-columbia-s-4","status":"publish","type":"product","link":"https:\/\/manualidadesdemart.com\/Allbrandsmid\/shop\/hombres\/columbia\/talla-xxs-s\/short-columbia-s-4\/","title":{"rendered":"SHORT COLUMBIA S"},"content":{"rendered":"<p>SHORT TRAJE DE BA\u00d1O HOMBRE<\/p>\n<p>MARCA: COLUMBIA<\/p>\n<p>TALLA: CHICA<\/p>\n<p>COLOR: AZUL<\/p>\n<p class=\"p1\">SECADO R\u00c1PIDO: Los pantalones cortos de agua para hombre Columbia incluyen una funci\u00f3n de secado r\u00e1pido que evita que retengan el agua. El calzoncillo de malla adjunto y la cintura el\u00e1stica con presillas para el cintur\u00f3n los hacen c\u00f3modos de usar durante per\u00edodos prolongados.<\/p>\n<p class=\"p1\">Tecnolog\u00edas:<\/p>\n<p class=\"p1\">\u2022 Omni-Shade UPF 50 Bloquea los da\u00f1inos rayos UV en una variedad de formas: a trav\u00e9s de una construcci\u00f3n de tejido ajustado con absorbentes y reflectores de UV, cuenta con el sello de recomendaci\u00f3n de Skin Cancer Foundation.<br \/>\n\u2022 Omni-Wick Lo mantiene seco y c\u00f3modo, eliminando la humedad eficientemente.<\/p>\n","protected":false},"excerpt":{"rendered":"<p>TALLA: CHICA<\/p>\n","protected":false},"featured_media":2878,"template":"","meta":[],"product_cat":[193,194,32,88,89],"product_tag":[164,172,169,170,171],"class_list":{"0":"post-3941","1":"product","2":"type-product","3":"status-publish","4":"has-post-thumbnail","6":"product_cat-columbia","7":"product_cat-talla-xxs-s","8":"product_cat-hombres","9":"product_cat-shorts","10":"product_cat-trajes-de-bano-hombres","11":"product_tag-columbia","12":"product_tag-pesca","13":"product_tag-playa","14":"product_tag-short","15":"product_tag-traje-de-bano","17":"first","18":"instock","19":"purchasable","20":"product-type-simple"},"_links":{"self":[{"href":"https:\/\/manualidadesdemart.com\/Allbrandsmid\/wp-json\/wp\/v2\/product\/3941","targetHints":{"allow":["GET"]}}],"collection":[{"href":"https:\/\/manualidadesdemart.com\/Allbrandsmid\/wp-json\/wp\/v2\/product"}],"about":[{"href":"https:\/\/manualidadesdemart.com\/Allbrandsmid\/wp-json\/wp\/v2\/types\/product"}],"wp:featuredmedia":[{"embeddable":true,"href":"https:\/\/manualidadesdemart.com\/Allbrandsmid\/wp-json\/wp\/v2\/media\/2878"}],"wp:attachment":[{"href":"https:\/\/manualidadesdemart.com\/Allbrandsmid\/wp-json\/wp\/v2\/media?parent=3941"}],"wp:term":[{"taxonomy":"product_cat","embeddable":true,"href":"https:\/\/manualidadesdemart.com\/Allbrandsmid\/wp-json\/wp\/v2\/product_cat?post=3941"},{"taxonomy":"product_tag","embeddable":true,"href":"https:\/\/manualidadesdemart.com\/Allbrandsmid\/wp-json\/wp\/v2\/product_tag?post=3941"}],"curies":[{"name":"wp","href":"https:\/\/api.w.org\/{rel}","templated":true}]}}