{"id":3939,"date":"2022-04-12T03:48:41","date_gmt":"2022-04-12T03:48:41","guid":{"rendered":"https:\/\/manualidadesdemart.com\/Allbrandsmid\/?post_type=product&#038;p=3939"},"modified":"2024-09-07T19:36:02","modified_gmt":"2024-09-07T19:36:02","slug":"sombrero-columbia-s-m-3","status":"publish","type":"product","link":"https:\/\/manualidadesdemart.com\/Allbrandsmid\/shop\/hombres\/columbia\/talla-xxs-s\/sombrero-columbia-s-m-3\/","title":{"rendered":"SOMBRERO COLUMBIA UNITALLA"},"content":{"rendered":"<ul class=\"a-unordered-list a-vertical a-spacing-mini\">\n<li>COLUMBIA SOMBRERO<\/li>\n<li>MARCA: COLUMBIA<\/li>\n<li>TALLA: UNITALLA<\/li>\n<li>PRODUCTO 100% ORIGINAL<\/li>\n<li><\/li>\n<li><span class=\"a-list-item\">Tecnolog\u00eda de avanzada: El sombrero utiliza tecnolog\u00eda avanzada. Cuenta con la protecci\u00f3n Omni-Shade de Columbia que bloquea los rayos UVA y UVB.<\/span><\/li>\n<li><span class=\"a-list-item\">Perfecta para actividades al aire libre: Tanto si est\u00e1s buscando un sombrero de pesca o para el uso diario, esta es perfecto para actividades al aire libre tanto dentro como fuera del agua.<\/span><\/li>\n<li><\/li>\n<li><span class=\"a-list-item\">Omni-shade: Seguro y protegido. Omni-Shade bloquea los rayos UVA y UVB para ayudar a prevenir quemaduras solares y da\u00f1os a largo plazo en la piel. La construcci\u00f3n de tela herm\u00e9tico con hilos UV absorbentes bloquea todo el espectro de los rayos UV nocivos.<\/span><\/li>\n<\/ul>\n","protected":false},"excerpt":{"rendered":"<p>TALLA: UNITALLA<\/p>\n","protected":false},"featured_media":12367,"template":"","meta":[],"product_cat":[193,262,196,195,197,194,31,35,32,36],"product_tag":[211],"class_list":{"0":"post-3939","1":"product","2":"type-product","3":"status-publish","4":"has-post-thumbnail","6":"product_cat-columbia","7":"product_cat-columbia-mujeres","8":"product_cat-talla-l","9":"product_cat-talla-m","10":"product_cat-talla-xl-xxl","11":"product_cat-talla-xxs-s","12":"product_cat-mujeres","13":"product_cat-accesorios-damas","14":"product_cat-hombres","15":"product_cat-accesorios-caballeros","16":"product_tag-gris","18":"first","19":"instock","20":"purchasable","21":"product-type-simple"},"_links":{"self":[{"href":"https:\/\/manualidadesdemart.com\/Allbrandsmid\/wp-json\/wp\/v2\/product\/3939","targetHints":{"allow":["GET"]}}],"collection":[{"href":"https:\/\/manualidadesdemart.com\/Allbrandsmid\/wp-json\/wp\/v2\/product"}],"about":[{"href":"https:\/\/manualidadesdemart.com\/Allbrandsmid\/wp-json\/wp\/v2\/types\/product"}],"wp:featuredmedia":[{"embeddable":true,"href":"https:\/\/manualidadesdemart.com\/Allbrandsmid\/wp-json\/wp\/v2\/media\/12367"}],"wp:attachment":[{"href":"https:\/\/manualidadesdemart.com\/Allbrandsmid\/wp-json\/wp\/v2\/media?parent=3939"}],"wp:term":[{"taxonomy":"product_cat","embeddable":true,"href":"https:\/\/manualidadesdemart.com\/Allbrandsmid\/wp-json\/wp\/v2\/product_cat?post=3939"},{"taxonomy":"product_tag","embeddable":true,"href":"https:\/\/manualidadesdemart.com\/Allbrandsmid\/wp-json\/wp\/v2\/product_tag?post=3939"}],"curies":[{"name":"wp","href":"https:\/\/api.w.org\/{rel}","templated":true}]}}