{"id":18698,"date":"2026-01-28T19:37:00","date_gmt":"2026-01-28T19:37:00","guid":{"rendered":"https:\/\/manualidadesdemart.com\/Allbrandsmid\/?post_type=product&#038;p=18698"},"modified":"2026-01-28T19:38:57","modified_gmt":"2026-01-28T19:38:57","slug":"gorra-columbia-l-xl-enfant","status":"publish","type":"product","link":"https:\/\/manualidadesdemart.com\/Allbrandsmid\/shop\/hombres\/accesorios-caballeros\/gorra-columbia-l-xl-enfant\/","title":{"rendered":"GORRA COLUMBIA L\/XL ENFANT"},"content":{"rendered":"<ul class=\"a-unordered-list a-vertical a-spacing-mini\">\n<li>COLUMBIA GORRA<\/li>\n<li>MARCA: COLUMBIA<\/li>\n<li>TALLA: L\/XL<\/li>\n<li>PRODUCTO 100% ORIGINAL<\/li>\n<li><\/li>\n<li><span class=\"a-list-item\">Tecnolog\u00eda de avanzada: El sombrero utiliza tecnolog\u00eda avanzada. Cuenta con la protecci\u00f3n Omni-Shade de Columbia que bloquea los rayos UVA y UVB.<\/span><\/li>\n<li><span class=\"a-list-item\">Perfecta para actividades al aire libre: Tanto si est\u00e1s buscando un sombrero de pesca o para el uso diario, esta es perfecto para actividades al aire libre tanto dentro como fuera del agua.<\/span><\/li>\n<li><\/li>\n<li><span class=\"a-list-item\">Omni-shade: Seguro y protegido. Omni-Shade bloquea los rayos UVA y UVB para ayudar a prevenir quemaduras solares y da\u00f1os a largo plazo en la piel. La construcci\u00f3n de tela herm\u00e9tico con hilos UV absorbentes bloquea todo el espectro de los rayos UV nocivos.<\/span><\/li>\n<\/ul>\n","protected":false},"excerpt":{"rendered":"<p>TALLA: L\/XL<\/p>\n","protected":false},"featured_media":18700,"template":"","meta":[],"product_cat":[193,35,36],"product_tag":[222],"class_list":{"0":"post-18698","1":"product","2":"type-product","3":"status-publish","4":"has-post-thumbnail","6":"product_cat-columbia","7":"product_cat-accesorios-damas","8":"product_cat-accesorios-caballeros","9":"product_tag-gorra","11":"first","12":"instock","13":"purchasable","14":"product-type-simple"},"_links":{"self":[{"href":"https:\/\/manualidadesdemart.com\/Allbrandsmid\/wp-json\/wp\/v2\/product\/18698","targetHints":{"allow":["GET"]}}],"collection":[{"href":"https:\/\/manualidadesdemart.com\/Allbrandsmid\/wp-json\/wp\/v2\/product"}],"about":[{"href":"https:\/\/manualidadesdemart.com\/Allbrandsmid\/wp-json\/wp\/v2\/types\/product"}],"wp:featuredmedia":[{"embeddable":true,"href":"https:\/\/manualidadesdemart.com\/Allbrandsmid\/wp-json\/wp\/v2\/media\/18700"}],"wp:attachment":[{"href":"https:\/\/manualidadesdemart.com\/Allbrandsmid\/wp-json\/wp\/v2\/media?parent=18698"}],"wp:term":[{"taxonomy":"product_cat","embeddable":true,"href":"https:\/\/manualidadesdemart.com\/Allbrandsmid\/wp-json\/wp\/v2\/product_cat?post=18698"},{"taxonomy":"product_tag","embeddable":true,"href":"https:\/\/manualidadesdemart.com\/Allbrandsmid\/wp-json\/wp\/v2\/product_tag?post=18698"}],"curies":[{"name":"wp","href":"https:\/\/api.w.org\/{rel}","templated":true}]}}