{"id":1858,"date":"2021-08-27T22:38:02","date_gmt":"2021-08-27T22:38:02","guid":{"rendered":"https:\/\/manualidadesdemart.com\/Allbrandsmid\/?post_type=product&#038;p=1858"},"modified":"2022-08-08T20:13:52","modified_gmt":"2022-08-08T20:13:52","slug":"sandalias-guess-2-mex","status":"publish","type":"product","link":"https:\/\/manualidadesdemart.com\/Allbrandsmid\/shop\/zapatos\/mujeres-zapatos\/sandalias-guess-2-mex\/","title":{"rendered":"SANDALIAS GUESS 2 MEX"},"content":{"rendered":"<p>SANDALIAS GUESS 2 MEX<\/p>\n<p>MARCA: GUESS<\/p>\n<p>TALLA: 2 MEXICANO<\/p>\n<p>5 AMERICANO<\/p>\n<p>PRODUCTO 100% ORIGINAL<\/p>\n<p>Dise\u00f1o \u00fanico y casual para cualquier d\u00eda de la semana, para la playa, o un d\u00eda de calor, elaborado a base de materiales sint\u00e9ticos de la m\u00e1s alta calidad.<\/p>\n","protected":false},"excerpt":{"rendered":"<p>TALLA: 2 MEXICANO<\/p>\n<p>5 AMERICANO<\/p>\n","protected":false},"featured_media":1859,"template":"","meta":[],"product_cat":[31,37,99],"product_tag":[234,172,169,233,232],"class_list":{"0":"post-1858","1":"product","2":"type-product","3":"status-publish","4":"has-post-thumbnail","6":"product_cat-mujeres","7":"product_cat-zapatos","8":"product_cat-mujeres-zapatos","9":"product_tag-chanclas","10":"product_tag-pesca","11":"product_tag-playa","12":"product_tag-sandalias","13":"product_tag-zapatos","15":"first","16":"instock","17":"purchasable","18":"product-type-simple"},"_links":{"self":[{"href":"https:\/\/manualidadesdemart.com\/Allbrandsmid\/wp-json\/wp\/v2\/product\/1858","targetHints":{"allow":["GET"]}}],"collection":[{"href":"https:\/\/manualidadesdemart.com\/Allbrandsmid\/wp-json\/wp\/v2\/product"}],"about":[{"href":"https:\/\/manualidadesdemart.com\/Allbrandsmid\/wp-json\/wp\/v2\/types\/product"}],"wp:featuredmedia":[{"embeddable":true,"href":"https:\/\/manualidadesdemart.com\/Allbrandsmid\/wp-json\/wp\/v2\/media\/1859"}],"wp:attachment":[{"href":"https:\/\/manualidadesdemart.com\/Allbrandsmid\/wp-json\/wp\/v2\/media?parent=1858"}],"wp:term":[{"taxonomy":"product_cat","embeddable":true,"href":"https:\/\/manualidadesdemart.com\/Allbrandsmid\/wp-json\/wp\/v2\/product_cat?post=1858"},{"taxonomy":"product_tag","embeddable":true,"href":"https:\/\/manualidadesdemart.com\/Allbrandsmid\/wp-json\/wp\/v2\/product_tag?post=1858"}],"curies":[{"name":"wp","href":"https:\/\/api.w.org\/{rel}","templated":true}]}}