{"id":18539,"date":"2026-01-23T22:09:40","date_gmt":"2026-01-23T22:09:40","guid":{"rendered":"https:\/\/manualidadesdemart.com\/Allbrandsmid\/?post_type=product&#038;p=18539"},"modified":"2026-01-23T22:16:30","modified_gmt":"2026-01-23T22:16:30","slug":"blusa-columbia-l-157","status":"publish","type":"product","link":"https:\/\/manualidadesdemart.com\/Allbrandsmid\/shop\/mujeres\/columbia-mujeres\/talla-l-columbia-mujeres\/blusa-columbia-l-157\/","title":{"rendered":"BLUSA COLUMBIA L"},"content":{"rendered":"<p>COLUMBIA BLUSA L<\/p>\n<p>MARCA: COLUMBIA<\/p>\n<p>TALLA: L<\/p>\n<p>PRODUCTO 100% ORIGINAL<\/p>\n<p>Omni-Shade: estar seguro y protegido. Omni-shade bloquea los rayos UVA y UVB para ayudar a prevenir quemaduras solares y da\u00f1os a largo plazo en la piel. La construcci\u00f3n de tejido apretado con hilos absorbentes UV bloquea todo el espectro de los da\u00f1inos rayos UV.<\/p>\n<ul>\n<li>Comodidad y transpirabilidad: esta camiseta de manga corta cuenta con una parte trasera ventilada forrada de malla para transpirabilidad y comodidad.<\/li>\n<li>La camisa de manga corta Columbia Pfg cuenta con la exclusiva tela UPF\u00a0 para m\u00e1xima protecci\u00f3n contra los rayos UVA y UVB, tela transpirable que absorbe la humedad para mantenerte fresco y seco mientras est\u00e1s fuera.<\/li>\n<li>Ajuste cl\u00e1sico: con un ajuste cl\u00e1sico moderno, esta camiseta de manga corta es ultraligera y lo suficientemente c\u00f3moda para todas las actividades.<\/li>\n<\/ul>\n","protected":false},"excerpt":{"rendered":"<p>TALLA:\u00a0 GRANDE<\/p>\n","protected":false},"featured_media":14049,"template":"","meta":[],"product_cat":[262,372,31],"product_tag":[164,172,208],"class_list":{"0":"post-18539","1":"product","2":"type-product","3":"status-publish","4":"has-post-thumbnail","6":"product_cat-columbia-mujeres","7":"product_cat-talla-l-columbia-mujeres","8":"product_cat-mujeres","9":"product_tag-columbia","10":"product_tag-pesca","11":"product_tag-pfg","13":"first","14":"instock","15":"purchasable","16":"product-type-simple"},"_links":{"self":[{"href":"https:\/\/manualidadesdemart.com\/Allbrandsmid\/wp-json\/wp\/v2\/product\/18539","targetHints":{"allow":["GET"]}}],"collection":[{"href":"https:\/\/manualidadesdemart.com\/Allbrandsmid\/wp-json\/wp\/v2\/product"}],"about":[{"href":"https:\/\/manualidadesdemart.com\/Allbrandsmid\/wp-json\/wp\/v2\/types\/product"}],"wp:featuredmedia":[{"embeddable":true,"href":"https:\/\/manualidadesdemart.com\/Allbrandsmid\/wp-json\/wp\/v2\/media\/14049"}],"wp:attachment":[{"href":"https:\/\/manualidadesdemart.com\/Allbrandsmid\/wp-json\/wp\/v2\/media?parent=18539"}],"wp:term":[{"taxonomy":"product_cat","embeddable":true,"href":"https:\/\/manualidadesdemart.com\/Allbrandsmid\/wp-json\/wp\/v2\/product_cat?post=18539"},{"taxonomy":"product_tag","embeddable":true,"href":"https:\/\/manualidadesdemart.com\/Allbrandsmid\/wp-json\/wp\/v2\/product_tag?post=18539"}],"curies":[{"name":"wp","href":"https:\/\/api.w.org\/{rel}","templated":true}]}}