{"id":18475,"date":"2026-01-22T19:37:03","date_gmt":"2026-01-22T19:37:03","guid":{"rendered":"https:\/\/manualidadesdemart.com\/Allbrandsmid\/?post_type=product&#038;p=18475"},"modified":"2026-02-03T17:43:48","modified_gmt":"2026-02-03T17:43:48","slug":"chamarra-impermeable-columbia-ninos-m-10-12-3","status":"publish","type":"product","link":"https:\/\/manualidadesdemart.com\/Allbrandsmid\/shop\/ninas\/6-10-anos-ninas\/chamarra-impermeable-columbia-ninos-m-10-12-3\/","title":{"rendered":"CHAMARRA COLUMBIA NI\u00d1OS M (10\/12)"},"content":{"rendered":"<div id=\"tab-01\" class=\"product-detail__description__text\">\n<div class=\"productDescription\">\n<p>COLUMBIA CHAMARRA NI\u00d1OS<\/p>\n<p>MARCA: COLUMBIA<\/p>\n<p>TALLA: MEDIANA (10\/12)<\/p>\n<p>PRODUCTO 100% ORIGINAL<\/p>\n<p>La costura totalmente sellada de Omni-Tech\u2122 evita que la humedad se penetre en cada costura utilizando un tejido impermeable y transpirable, por lo que se mantiene completamente seco bajo la lluvia<\/p>\n<p>Malla forrada para permitir el flujo de aire<\/p>\n<p>La parte delantera con cremallera con solapa de tormenta asegurada con gancho y bucle ayuda a bloquear la lluvia<\/p>\n<p>La pesta\u00f1a ajustable en la parte posterior de la capucha la aleja de su cara para un mejor ajuste<\/p>\n<p>Bolsillos de mano con cremallera para art\u00edculos peque\u00f1os<\/p>\n<p>Los pu\u00f1os ajustables sellan los elementos<\/p>\n<p>Detalles reflectantes en la parte delantera y trasera<\/p>\n<p>Bot\u00f3n a presi\u00f3n en el cuello para un ajuste r\u00e1pido y f\u00e1cil<\/p>\n<p>Longitud central de la espalda: 20,5 pulgadas \/ 52,1 cm<\/p>\n<\/div>\n<\/div>\n<div class=\"product-detail__description__image\"><\/div>\n","protected":false},"excerpt":{"rendered":"<p>TALLA: MEDIANA (10\/12)<\/p>\n","protected":false},"featured_media":18478,"template":"","meta":[],"product_cat":[84,86,34,92,91,33,95,94],"product_tag":[],"class_list":{"0":"post-18475","1":"product","2":"type-product","3":"status-publish","4":"has-post-thumbnail","6":"product_cat-chamarras-y-sweater","7":"product_cat-sudaderas","8":"product_cat-ninas","9":"product_cat-12-18-anos-ninas","10":"product_cat-6-10-anos-ninas","11":"product_cat-ninos","12":"product_cat-12-18-anos-ninos","13":"product_cat-6-10-anos-ninos","15":"first","16":"instock","17":"purchasable","18":"product-type-simple"},"_links":{"self":[{"href":"https:\/\/manualidadesdemart.com\/Allbrandsmid\/wp-json\/wp\/v2\/product\/18475","targetHints":{"allow":["GET"]}}],"collection":[{"href":"https:\/\/manualidadesdemart.com\/Allbrandsmid\/wp-json\/wp\/v2\/product"}],"about":[{"href":"https:\/\/manualidadesdemart.com\/Allbrandsmid\/wp-json\/wp\/v2\/types\/product"}],"wp:featuredmedia":[{"embeddable":true,"href":"https:\/\/manualidadesdemart.com\/Allbrandsmid\/wp-json\/wp\/v2\/media\/18478"}],"wp:attachment":[{"href":"https:\/\/manualidadesdemart.com\/Allbrandsmid\/wp-json\/wp\/v2\/media?parent=18475"}],"wp:term":[{"taxonomy":"product_cat","embeddable":true,"href":"https:\/\/manualidadesdemart.com\/Allbrandsmid\/wp-json\/wp\/v2\/product_cat?post=18475"},{"taxonomy":"product_tag","embeddable":true,"href":"https:\/\/manualidadesdemart.com\/Allbrandsmid\/wp-json\/wp\/v2\/product_tag?post=18475"}],"curies":[{"name":"wp","href":"https:\/\/api.w.org\/{rel}","templated":true}]}}