{"id":18442,"date":"2026-01-21T22:51:23","date_gmt":"2026-01-21T22:51:23","guid":{"rendered":"https:\/\/manualidadesdemart.com\/Allbrandsmid\/?post_type=product&#038;p=18442"},"modified":"2026-01-21T22:56:50","modified_gmt":"2026-01-21T22:56:50","slug":"pantalon-columbia-46-2","status":"publish","type":"product","link":"https:\/\/manualidadesdemart.com\/Allbrandsmid\/shop\/hombres\/columbia\/talla-xl-xxl\/pantalon-columbia-46-2\/","title":{"rendered":"PANTALON  COLUMBIA  46"},"content":{"rendered":"<p>PANTALON COLUMBIA HOMBRE<\/p>\n<p>MARCA: COLUMBIA<\/p>\n<p>TALLA:46<\/p>\n<p>&nbsp;<\/p>\n<p data-reader-unique-id=\"4\">SECADO R\u00c1PIDO: Los pantalones cortos de agua para hombre Columbia incluyen una funci\u00f3n de secado r\u00e1pido que evita que retengan el agua. El calzoncillo de malla adjunto y la cintura el\u00e1stica con presillas para el cintur\u00f3n los hacen c\u00f3modos de usar durante per\u00edodos prolongados.<\/p>\n<p data-reader-unique-id=\"5\">Tecnolog\u00edas:<\/p>\n<p data-reader-unique-id=\"6\">\u2022 Omni-Shade UPF 50 Bloquea los da\u00f1inos rayos UV en una variedad de formas: a trav\u00e9s de una construcci\u00f3n de tejido ajustado con absorbentes y reflectores de UV, cuenta con el sello de recomendaci\u00f3n de Skin Cancer Foundation.<br data-reader-unique-id=\"7\" \/>\u2022 Omni-Wick Lo mantiene seco y c\u00f3modo, eliminando la humedad eficientemente.<\/p>\n","protected":false},"excerpt":{"rendered":"<p>TALLA:46<\/p>\n","protected":false},"featured_media":18443,"template":"","meta":[],"product_cat":[193,197,32,88,89],"product_tag":[164,170],"class_list":{"0":"post-18442","1":"product","2":"type-product","3":"status-publish","4":"has-post-thumbnail","6":"product_cat-columbia","7":"product_cat-talla-xl-xxl","8":"product_cat-hombres","9":"product_cat-shorts","10":"product_cat-trajes-de-bano-hombres","11":"product_tag-columbia","12":"product_tag-short","14":"first","15":"instock","16":"purchasable","17":"product-type-simple"},"_links":{"self":[{"href":"https:\/\/manualidadesdemart.com\/Allbrandsmid\/wp-json\/wp\/v2\/product\/18442","targetHints":{"allow":["GET"]}}],"collection":[{"href":"https:\/\/manualidadesdemart.com\/Allbrandsmid\/wp-json\/wp\/v2\/product"}],"about":[{"href":"https:\/\/manualidadesdemart.com\/Allbrandsmid\/wp-json\/wp\/v2\/types\/product"}],"wp:featuredmedia":[{"embeddable":true,"href":"https:\/\/manualidadesdemart.com\/Allbrandsmid\/wp-json\/wp\/v2\/media\/18443"}],"wp:attachment":[{"href":"https:\/\/manualidadesdemart.com\/Allbrandsmid\/wp-json\/wp\/v2\/media?parent=18442"}],"wp:term":[{"taxonomy":"product_cat","embeddable":true,"href":"https:\/\/manualidadesdemart.com\/Allbrandsmid\/wp-json\/wp\/v2\/product_cat?post=18442"},{"taxonomy":"product_tag","embeddable":true,"href":"https:\/\/manualidadesdemart.com\/Allbrandsmid\/wp-json\/wp\/v2\/product_tag?post=18442"}],"curies":[{"name":"wp","href":"https:\/\/api.w.org\/{rel}","templated":true}]}}