{"id":18164,"date":"2026-01-16T20:06:04","date_gmt":"2026-01-16T20:06:04","guid":{"rendered":"https:\/\/manualidadesdemart.com\/Allbrandsmid\/?post_type=product&#038;p=18164"},"modified":"2026-01-16T20:15:36","modified_gmt":"2026-01-16T20:15:36","slug":"camisa-columbia-2x-27","status":"publish","type":"product","link":"https:\/\/manualidadesdemart.com\/Allbrandsmid\/shop\/hombres\/columbia\/talla-xl-xxl\/camisa-columbia-2x-27\/","title":{"rendered":"CAMISA COLUMBIA 2X"},"content":{"rendered":"<p>COLUMBIA CAMISA<\/p>\n<p>MARCA: COLUMBIA<\/p>\n<p>TALLA: 2X<\/p>\n<p>PRODUCTO 100% ORIGINAL<\/p>\n<p>Omni-Shade: estar seguro y protegido. Omni-shade bloquea los rayos UVA y UVB para ayudar a prevenir quemaduras solares y da\u00f1os a largo plazo en la piel. La construcci\u00f3n de tejido apretado con hilos absorbentes UV bloquea todo el espectro de los da\u00f1inos rayos UV.<\/p>\n<ul>\n<li>Comodidad y transpirabilidad: esta camiseta de manga corta cuenta con una parte trasera ventilada forrada de malla para transpirabilidad y comodidad.<\/li>\n<li>La camisa de manga corta Columbia Pfg cuenta con la exclusiva tela UPF\u00a0 para m\u00e1xima protecci\u00f3n contra los rayos UVA y UVB, tela transpirable que absorbe la humedad para mantenerte fresco y seco mientras est\u00e1s fuera.<\/li>\n<li>Ajuste cl\u00e1sico: con un ajuste cl\u00e1sico moderno, esta camiseta de manga corta es ultraligera y lo suficientemente c\u00f3moda para todas las actividades.<\/li>\n<\/ul>\n<p>&nbsp;<\/p>\n","protected":false},"excerpt":{"rendered":"<p>TALLA: 2X<\/p>\n","protected":false},"featured_media":18165,"template":"","meta":[],"product_cat":[193,197,32,85],"product_tag":[165,199,164,172,208],"class_list":{"0":"post-18164","1":"product","2":"type-product","3":"status-publish","4":"has-post-thumbnail","6":"product_cat-columbia","7":"product_cat-talla-xl-xxl","8":"product_cat-hombres","9":"product_cat-camisas","10":"product_tag-blanco","11":"product_tag-camisa-columbia","12":"product_tag-columbia","13":"product_tag-pesca","14":"product_tag-pfg","16":"first","17":"instock","18":"purchasable","19":"product-type-simple"},"_links":{"self":[{"href":"https:\/\/manualidadesdemart.com\/Allbrandsmid\/wp-json\/wp\/v2\/product\/18164","targetHints":{"allow":["GET"]}}],"collection":[{"href":"https:\/\/manualidadesdemart.com\/Allbrandsmid\/wp-json\/wp\/v2\/product"}],"about":[{"href":"https:\/\/manualidadesdemart.com\/Allbrandsmid\/wp-json\/wp\/v2\/types\/product"}],"wp:featuredmedia":[{"embeddable":true,"href":"https:\/\/manualidadesdemart.com\/Allbrandsmid\/wp-json\/wp\/v2\/media\/18165"}],"wp:attachment":[{"href":"https:\/\/manualidadesdemart.com\/Allbrandsmid\/wp-json\/wp\/v2\/media?parent=18164"}],"wp:term":[{"taxonomy":"product_cat","embeddable":true,"href":"https:\/\/manualidadesdemart.com\/Allbrandsmid\/wp-json\/wp\/v2\/product_cat?post=18164"},{"taxonomy":"product_tag","embeddable":true,"href":"https:\/\/manualidadesdemart.com\/Allbrandsmid\/wp-json\/wp\/v2\/product_tag?post=18164"}],"curies":[{"name":"wp","href":"https:\/\/api.w.org\/{rel}","templated":true}]}}