{"id":18104,"date":"2026-01-15T19:26:08","date_gmt":"2026-01-15T19:26:08","guid":{"rendered":"https:\/\/manualidadesdemart.com\/Allbrandsmid\/?post_type=product&#038;p=18104"},"modified":"2026-01-15T19:27:51","modified_gmt":"2026-01-15T19:27:51","slug":"columbia-pfg-l-mujer","status":"publish","type":"product","link":"https:\/\/manualidadesdemart.com\/Allbrandsmid\/shop\/mujeres\/columbia-mujeres\/talla-l-columbia-mujeres\/columbia-pfg-l-mujer\/","title":{"rendered":"COLUMBIA PFG L MUJER"},"content":{"rendered":"<p>COLUMBIA PLAYERA MUJER PFG<\/p>\n<p>MARCA: COLUMBIA<\/p>\n<p>TALLA: L<\/p>\n<p>Tecnolog\u00edas:<\/p>\n<p>\u2022 Omni-Shade UPF 50 Bloquea los da\u00f1inos rayos UV en una variedad de formas: a trav\u00e9s de una construcci\u00f3n de tejido ajustado con absorbentes y reflectores de UV, cuenta con el sello de recomendaci\u00f3n de Skin Cancer Foundation.<\/p>\n<p>\u2022 Omni-Wick Lo mantiene seco y c\u00f3modo, eliminando la humedad eficientemente.<\/p>\n<p>\u2022 Corte regular para mayor confort.<br \/>\n\u2022 Tejido suave al tacto, amigable con tu piel.<br \/>\n\u2022 Composici\u00f3n: <strong>Poli\u00e9ster<\/strong>.<\/p>\n","protected":false},"excerpt":{"rendered":"<p>TALLA: L<\/p>\n","protected":false},"featured_media":17355,"template":"","meta":[],"product_cat":[262,372,31],"product_tag":[165,206,166,172,208,169],"class_list":{"0":"post-18104","1":"product","2":"type-product","3":"status-publish","4":"has-post-thumbnail","6":"product_cat-columbia-mujeres","7":"product_cat-talla-l-columbia-mujeres","8":"product_cat-mujeres","9":"product_tag-blanco","10":"product_tag-camisa","11":"product_tag-mujer","12":"product_tag-pesca","13":"product_tag-pfg","14":"product_tag-playa","16":"first","17":"instock","18":"purchasable","19":"product-type-simple"},"_links":{"self":[{"href":"https:\/\/manualidadesdemart.com\/Allbrandsmid\/wp-json\/wp\/v2\/product\/18104","targetHints":{"allow":["GET"]}}],"collection":[{"href":"https:\/\/manualidadesdemart.com\/Allbrandsmid\/wp-json\/wp\/v2\/product"}],"about":[{"href":"https:\/\/manualidadesdemart.com\/Allbrandsmid\/wp-json\/wp\/v2\/types\/product"}],"wp:featuredmedia":[{"embeddable":true,"href":"https:\/\/manualidadesdemart.com\/Allbrandsmid\/wp-json\/wp\/v2\/media\/17355"}],"wp:attachment":[{"href":"https:\/\/manualidadesdemart.com\/Allbrandsmid\/wp-json\/wp\/v2\/media?parent=18104"}],"wp:term":[{"taxonomy":"product_cat","embeddable":true,"href":"https:\/\/manualidadesdemart.com\/Allbrandsmid\/wp-json\/wp\/v2\/product_cat?post=18104"},{"taxonomy":"product_tag","embeddable":true,"href":"https:\/\/manualidadesdemart.com\/Allbrandsmid\/wp-json\/wp\/v2\/product_tag?post=18104"}],"curies":[{"name":"wp","href":"https:\/\/api.w.org\/{rel}","templated":true}]}}