{"id":18063,"date":"2026-01-08T22:46:18","date_gmt":"2026-01-08T22:46:18","guid":{"rendered":"https:\/\/manualidadesdemart.com\/Allbrandsmid\/?post_type=product&#038;p=18063"},"modified":"2026-01-08T23:00:04","modified_gmt":"2026-01-08T23:00:04","slug":"sueter-columbia-4x","status":"publish","type":"product","link":"https:\/\/manualidadesdemart.com\/Allbrandsmid\/shop\/hombres\/columbia\/talla-xl-xxl\/sueter-columbia-4x\/","title":{"rendered":"SUETER  COLUMBIA 4X"},"content":{"rendered":"<p>COLUMBIA SUETER<\/p>\n<p>MARCA: COLUMBIA<\/p>\n<p>TALLA: 4X<\/p>\n<p>PRODUCTO 100% ORIGINAL<\/p>\n<ul>\n<li>Rel\u00e1jate con la m\u00e1xima comodidad con esta sudadera PFG con cuello y pu\u00f1os acanalados para un aspecto atemporal. Esta sudadera est\u00e1 hecha de una mezcla de poli\u00e9ster de algod\u00f3n suave, con un ajuste regular cl\u00e1sico que es perfecto para ma\u00f1anas fr\u00edas en el agua o reunirse alrededor de la fogata nocturna. Columbia ofrece esta sudadera de manga larga en varios colores y tama\u00f1os. Ajuste regular.<\/li>\n<\/ul>\n","protected":false},"excerpt":{"rendered":"<p>TALLA:4X<\/p>\n","protected":false},"featured_media":18064,"template":"","meta":[],"product_cat":[193,197,84,32,86,85],"product_tag":[199,300,164,172,208],"class_list":{"0":"post-18063","1":"product","2":"type-product","3":"status-publish","4":"has-post-thumbnail","6":"product_cat-columbia","7":"product_cat-talla-xl-xxl","8":"product_cat-chamarras-y-sweater","9":"product_cat-hombres","10":"product_cat-sudaderas","11":"product_cat-camisas","12":"product_tag-camisa-columbia","13":"product_tag-chamarra","14":"product_tag-columbia","15":"product_tag-pesca","16":"product_tag-pfg","18":"first","19":"instock","20":"purchasable","21":"product-type-simple"},"_links":{"self":[{"href":"https:\/\/manualidadesdemart.com\/Allbrandsmid\/wp-json\/wp\/v2\/product\/18063","targetHints":{"allow":["GET"]}}],"collection":[{"href":"https:\/\/manualidadesdemart.com\/Allbrandsmid\/wp-json\/wp\/v2\/product"}],"about":[{"href":"https:\/\/manualidadesdemart.com\/Allbrandsmid\/wp-json\/wp\/v2\/types\/product"}],"wp:featuredmedia":[{"embeddable":true,"href":"https:\/\/manualidadesdemart.com\/Allbrandsmid\/wp-json\/wp\/v2\/media\/18064"}],"wp:attachment":[{"href":"https:\/\/manualidadesdemart.com\/Allbrandsmid\/wp-json\/wp\/v2\/media?parent=18063"}],"wp:term":[{"taxonomy":"product_cat","embeddable":true,"href":"https:\/\/manualidadesdemart.com\/Allbrandsmid\/wp-json\/wp\/v2\/product_cat?post=18063"},{"taxonomy":"product_tag","embeddable":true,"href":"https:\/\/manualidadesdemart.com\/Allbrandsmid\/wp-json\/wp\/v2\/product_tag?post=18063"}],"curies":[{"name":"wp","href":"https:\/\/api.w.org\/{rel}","templated":true}]}}