{"id":1790,"date":"2021-07-03T19:23:11","date_gmt":"2021-07-03T19:23:11","guid":{"rendered":"https:\/\/manualidadesdemart.com\/Allbrandsmid\/?post_type=product&#038;p=1790"},"modified":"2021-07-03T19:40:56","modified_gmt":"2021-07-03T19:40:56","slug":"camisa-levis-l","status":"publish","type":"product","link":"https:\/\/manualidadesdemart.com\/Allbrandsmid\/shop\/hombres\/camisas\/camisa-levis-l\/","title":{"rendered":"CAMISA LEVI\u00b4S L"},"content":{"rendered":"<p>LEVI\u00b4S CAMISA ML L<\/p>\n<p>MARCA: LEVI\u00b4S<\/p>\n<p>TALLA: GRANDE (CLASSIC FIT)<\/p>\n<p>PRODUCTO 100% ORIGINAL<\/p>\n<p>La comodidad formal define esta camisa con botones, confeccionada con algod\u00f3n lavado para brindar la m\u00e1xima suavidad. El estiramiento natural significa un uso sin distracciones durante los d\u00edas ocupados.Importado, Ajuste regular, Cuello de punta, Bot\u00f3n frontal, nuestro acabado \u00fanico proporciona una sensaci\u00f3n m\u00e1s suave y una mayor comodidad. Se puede lavar a m\u00e1quina para un f\u00e1cil cuidado.<\/p>\n","protected":false},"excerpt":{"rendered":"<p>TALLA: GRANDE (CLASSIC FIT)<\/p>\n","protected":false},"featured_media":1793,"template":"","meta":[],"product_cat":[32,85],"product_tag":[206,168,256,212,202],"class_list":{"0":"post-1790","1":"product","2":"type-product","3":"status-publish","4":"has-post-thumbnail","6":"product_cat-hombres","7":"product_cat-camisas","8":"product_tag-camisa","9":"product_tag-cuadros","10":"product_tag-levis","11":"product_tag-manga-larga","12":"product_tag-talla-grande","14":"first","15":"instock","16":"purchasable","17":"product-type-simple"},"_links":{"self":[{"href":"https:\/\/manualidadesdemart.com\/Allbrandsmid\/wp-json\/wp\/v2\/product\/1790","targetHints":{"allow":["GET"]}}],"collection":[{"href":"https:\/\/manualidadesdemart.com\/Allbrandsmid\/wp-json\/wp\/v2\/product"}],"about":[{"href":"https:\/\/manualidadesdemart.com\/Allbrandsmid\/wp-json\/wp\/v2\/types\/product"}],"wp:featuredmedia":[{"embeddable":true,"href":"https:\/\/manualidadesdemart.com\/Allbrandsmid\/wp-json\/wp\/v2\/media\/1793"}],"wp:attachment":[{"href":"https:\/\/manualidadesdemart.com\/Allbrandsmid\/wp-json\/wp\/v2\/media?parent=1790"}],"wp:term":[{"taxonomy":"product_cat","embeddable":true,"href":"https:\/\/manualidadesdemart.com\/Allbrandsmid\/wp-json\/wp\/v2\/product_cat?post=1790"},{"taxonomy":"product_tag","embeddable":true,"href":"https:\/\/manualidadesdemart.com\/Allbrandsmid\/wp-json\/wp\/v2\/product_tag?post=1790"}],"curies":[{"name":"wp","href":"https:\/\/api.w.org\/{rel}","templated":true}]}}