{"id":17165,"date":"2025-10-05T19:14:38","date_gmt":"2025-10-05T19:14:38","guid":{"rendered":"https:\/\/manualidadesdemart.com\/Allbrandsmid\/?post_type=product&#038;p=17165"},"modified":"2025-10-05T19:15:36","modified_gmt":"2025-10-05T19:15:36","slug":"short-columbia-ninos-s-7-8","status":"publish","type":"product","link":"https:\/\/manualidadesdemart.com\/Allbrandsmid\/shop\/ninas\/6-10-anos-ninas\/short-columbia-ninos-s-7-8\/","title":{"rendered":"SHORT COLUMBIA NI\u00d1OS S (7\/8)"},"content":{"rendered":"<p>SHORT COLUMBIA NI\u00d1OS<\/p>\n<p>MARCA: COLUMBIA<\/p>\n<p>TALLA: NI\u00d1OS S (7\/8)<\/p>\n<p>PRODUCTO 100% ORIGINAL<\/p>\n<p>Deja que tu peque\u00f1o viva la aventura con tranquilidad y dale protecci\u00f3n. Dise\u00f1ada con tecnolog\u00edas, lo mantendr\u00e1n cubierto y bastante fresco, para que nada detenga la diversi\u00f3n.<\/p>\n<p class=\"p1\">Tecnolog\u00edas:<\/p>\n<p class=\"p1\">\u2022 Omni-Shade UPF Bloquea los da\u00f1inos rayos UV en una variedad de formas: a trav\u00e9s de una construcci\u00f3n de tejido ajustado con absorbentes y reflectores de UV, cuenta con el sello de recomendaci\u00f3n de Skin Cancer Foundation.<br \/>\n\u2022 Omni-Wick Lo mantiene seco y c\u00f3modo, eliminando la humedad eficientemente.<\/p>\n","protected":false},"excerpt":{"rendered":"<p>TALLA : S (7\/8)<\/p>\n","protected":false},"featured_media":15350,"template":"","meta":[],"product_cat":[34,91,33,94],"product_tag":[164,172,208,169],"class_list":{"0":"post-17165","1":"product","2":"type-product","3":"status-publish","4":"has-post-thumbnail","6":"product_cat-ninas","7":"product_cat-6-10-anos-ninas","8":"product_cat-ninos","9":"product_cat-6-10-anos-ninos","10":"product_tag-columbia","11":"product_tag-pesca","12":"product_tag-pfg","13":"product_tag-playa","15":"first","16":"instock","17":"purchasable","18":"product-type-simple"},"_links":{"self":[{"href":"https:\/\/manualidadesdemart.com\/Allbrandsmid\/wp-json\/wp\/v2\/product\/17165","targetHints":{"allow":["GET"]}}],"collection":[{"href":"https:\/\/manualidadesdemart.com\/Allbrandsmid\/wp-json\/wp\/v2\/product"}],"about":[{"href":"https:\/\/manualidadesdemart.com\/Allbrandsmid\/wp-json\/wp\/v2\/types\/product"}],"wp:featuredmedia":[{"embeddable":true,"href":"https:\/\/manualidadesdemart.com\/Allbrandsmid\/wp-json\/wp\/v2\/media\/15350"}],"wp:attachment":[{"href":"https:\/\/manualidadesdemart.com\/Allbrandsmid\/wp-json\/wp\/v2\/media?parent=17165"}],"wp:term":[{"taxonomy":"product_cat","embeddable":true,"href":"https:\/\/manualidadesdemart.com\/Allbrandsmid\/wp-json\/wp\/v2\/product_cat?post=17165"},{"taxonomy":"product_tag","embeddable":true,"href":"https:\/\/manualidadesdemart.com\/Allbrandsmid\/wp-json\/wp\/v2\/product_tag?post=17165"}],"curies":[{"name":"wp","href":"https:\/\/api.w.org\/{rel}","templated":true}]}}