{"id":16945,"date":"2025-09-27T20:41:58","date_gmt":"2025-09-27T20:41:58","guid":{"rendered":"https:\/\/manualidadesdemart.com\/Allbrandsmid\/?post_type=product&#038;p=16945"},"modified":"2025-09-27T20:43:27","modified_gmt":"2025-09-27T20:43:27","slug":"sandalias-columbia-11-mex-2","status":"publish","type":"product","link":"https:\/\/manualidadesdemart.com\/Allbrandsmid\/shop\/zapatos\/hombres-zapatos\/sandalias-columbia-11-mex-2\/","title":{"rendered":"SANDALIAS COLUMBIA 11 MEX"},"content":{"rendered":"<p>SANDALIAS COLUMBIA 11 MEX<\/p>\n<p>MARCA: COLUMBIA<\/p>\n<p>TALLA: 11\u00a0 MEXICANO<\/p>\n<p>AMERICANO<\/p>\n<p>PRODUCTO 100% ORIGINAL<\/p>\n<p>Dise\u00f1o \u00fanico y casual para cualquier d\u00eda de la semana, para la playa, o un d\u00eda de calor, elaborado a base de materiales sint\u00e9ticos de la m\u00e1s alta calidad.<\/p>\n","protected":false},"excerpt":{"rendered":"<p>TALLA: 11 EXICANO<\/p>\n<p>AMERICANO 13<\/p>\n","protected":false},"featured_media":14475,"template":"","meta":[],"product_cat":[32,37,100],"product_tag":[234,172,169,233,232],"class_list":{"0":"post-16945","1":"product","2":"type-product","3":"status-publish","4":"has-post-thumbnail","6":"product_cat-hombres","7":"product_cat-zapatos","8":"product_cat-hombres-zapatos","9":"product_tag-chanclas","10":"product_tag-pesca","11":"product_tag-playa","12":"product_tag-sandalias","13":"product_tag-zapatos","15":"first","16":"instock","17":"purchasable","18":"product-type-simple"},"_links":{"self":[{"href":"https:\/\/manualidadesdemart.com\/Allbrandsmid\/wp-json\/wp\/v2\/product\/16945","targetHints":{"allow":["GET"]}}],"collection":[{"href":"https:\/\/manualidadesdemart.com\/Allbrandsmid\/wp-json\/wp\/v2\/product"}],"about":[{"href":"https:\/\/manualidadesdemart.com\/Allbrandsmid\/wp-json\/wp\/v2\/types\/product"}],"wp:featuredmedia":[{"embeddable":true,"href":"https:\/\/manualidadesdemart.com\/Allbrandsmid\/wp-json\/wp\/v2\/media\/14475"}],"wp:attachment":[{"href":"https:\/\/manualidadesdemart.com\/Allbrandsmid\/wp-json\/wp\/v2\/media?parent=16945"}],"wp:term":[{"taxonomy":"product_cat","embeddable":true,"href":"https:\/\/manualidadesdemart.com\/Allbrandsmid\/wp-json\/wp\/v2\/product_cat?post=16945"},{"taxonomy":"product_tag","embeddable":true,"href":"https:\/\/manualidadesdemart.com\/Allbrandsmid\/wp-json\/wp\/v2\/product_tag?post=16945"}],"curies":[{"name":"wp","href":"https:\/\/api.w.org\/{rel}","templated":true}]}}