{"id":16878,"date":"2025-09-26T19:24:34","date_gmt":"2025-09-26T19:24:34","guid":{"rendered":"https:\/\/manualidadesdemart.com\/Allbrandsmid\/?post_type=product&#038;p=16878"},"modified":"2025-09-26T19:31:47","modified_gmt":"2025-09-26T19:31:47","slug":"zapatos-columbia-8-mex-19","status":"publish","type":"product","link":"https:\/\/manualidadesdemart.com\/Allbrandsmid\/shop\/zapatos\/hombres-zapatos\/zapatos-columbia-8-mex-19\/","title":{"rendered":"ZAPATOS COLUMBIA 7.5 MEX"},"content":{"rendered":"<p>ZAPATOS COLUMBIA 7.5 MEX<\/p>\n<p>MARCA: COLUMBIA<\/p>\n<p>TALLA:7.5 MEXICANO<\/p>\n<p>PRODUCTO 100% ORIGINAL<\/p>\n<p>Dise\u00f1o \u00fanico y casual para cualquier d\u00eda de la semana, para la playa, o un d\u00eda de calor, elaborado a base de materiales sint\u00e9ticos de la m\u00e1s alta calidad.<\/p>\n","protected":false},"excerpt":{"rendered":"<p>TALLA: 7.5\u00a0 MEX<\/p>\n<p>9.5 USA<\/p>\n","protected":false},"featured_media":16879,"template":"","meta":[],"product_cat":[193,32,37,100],"product_tag":[],"class_list":{"0":"post-16878","1":"product","2":"type-product","3":"status-publish","4":"has-post-thumbnail","6":"product_cat-columbia","7":"product_cat-hombres","8":"product_cat-zapatos","9":"product_cat-hombres-zapatos","11":"first","12":"instock","13":"purchasable","14":"product-type-simple"},"_links":{"self":[{"href":"https:\/\/manualidadesdemart.com\/Allbrandsmid\/wp-json\/wp\/v2\/product\/16878","targetHints":{"allow":["GET"]}}],"collection":[{"href":"https:\/\/manualidadesdemart.com\/Allbrandsmid\/wp-json\/wp\/v2\/product"}],"about":[{"href":"https:\/\/manualidadesdemart.com\/Allbrandsmid\/wp-json\/wp\/v2\/types\/product"}],"wp:featuredmedia":[{"embeddable":true,"href":"https:\/\/manualidadesdemart.com\/Allbrandsmid\/wp-json\/wp\/v2\/media\/16879"}],"wp:attachment":[{"href":"https:\/\/manualidadesdemart.com\/Allbrandsmid\/wp-json\/wp\/v2\/media?parent=16878"}],"wp:term":[{"taxonomy":"product_cat","embeddable":true,"href":"https:\/\/manualidadesdemart.com\/Allbrandsmid\/wp-json\/wp\/v2\/product_cat?post=16878"},{"taxonomy":"product_tag","embeddable":true,"href":"https:\/\/manualidadesdemart.com\/Allbrandsmid\/wp-json\/wp\/v2\/product_tag?post=16878"}],"curies":[{"name":"wp","href":"https:\/\/api.w.org\/{rel}","templated":true}]}}