{"id":16798,"date":"2025-09-24T23:53:45","date_gmt":"2025-09-24T23:53:45","guid":{"rendered":"https:\/\/manualidadesdemart.com\/Allbrandsmid\/?post_type=product&#038;p=16798"},"modified":"2025-09-24T23:54:49","modified_gmt":"2025-09-24T23:54:49","slug":"pantalon-columbia-34-10","status":"publish","type":"product","link":"https:\/\/manualidadesdemart.com\/Allbrandsmid\/shop\/hombres\/columbia\/talla-m\/pantalon-columbia-34-10\/","title":{"rendered":"PANTALON  COLUMBIA 34"},"content":{"rendered":"<p>PANTALON COLUMBIA HOMBRE<\/p>\n<p>MARCA: COLUMBIA<\/p>\n<p>TALLA:34<\/p>\n<p>&nbsp;<\/p>\n<p data-reader-unique-id=\"4\">SECADO R\u00c1PIDO: Los pantalones cortos de agua para hombre Columbia incluyen una funci\u00f3n de secado r\u00e1pido que evita que retengan el agua. El calzoncillo de malla adjunto y la cintura el\u00e1stica con presillas para el cintur\u00f3n los hacen c\u00f3modos de usar durante per\u00edodos prolongados.<\/p>\n<p data-reader-unique-id=\"5\">Tecnolog\u00edas:<\/p>\n<p data-reader-unique-id=\"6\">\u2022 Omni-Shade UPF 50 Bloquea los da\u00f1inos rayos UV en una variedad de formas: a trav\u00e9s de una construcci\u00f3n de tejido ajustado con absorbentes y reflectores de UV, cuenta con el sello de recomendaci\u00f3n de Skin Cancer Foundation.<br data-reader-unique-id=\"7\" \/>\u2022 Omni-Wick Lo mantiene seco y c\u00f3modo, eliminando la humedad eficientemente.<\/p>\n","protected":false},"excerpt":{"rendered":"<p>TALLA:34<\/p>\n","protected":false},"featured_media":16799,"template":"","meta":[],"product_cat":[193,195,32,88,89],"product_tag":[164,170],"class_list":{"0":"post-16798","1":"product","2":"type-product","3":"status-publish","4":"has-post-thumbnail","6":"product_cat-columbia","7":"product_cat-talla-m","8":"product_cat-hombres","9":"product_cat-shorts","10":"product_cat-trajes-de-bano-hombres","11":"product_tag-columbia","12":"product_tag-short","14":"first","15":"instock","16":"purchasable","17":"product-type-simple"},"_links":{"self":[{"href":"https:\/\/manualidadesdemart.com\/Allbrandsmid\/wp-json\/wp\/v2\/product\/16798","targetHints":{"allow":["GET"]}}],"collection":[{"href":"https:\/\/manualidadesdemart.com\/Allbrandsmid\/wp-json\/wp\/v2\/product"}],"about":[{"href":"https:\/\/manualidadesdemart.com\/Allbrandsmid\/wp-json\/wp\/v2\/types\/product"}],"wp:featuredmedia":[{"embeddable":true,"href":"https:\/\/manualidadesdemart.com\/Allbrandsmid\/wp-json\/wp\/v2\/media\/16799"}],"wp:attachment":[{"href":"https:\/\/manualidadesdemart.com\/Allbrandsmid\/wp-json\/wp\/v2\/media?parent=16798"}],"wp:term":[{"taxonomy":"product_cat","embeddable":true,"href":"https:\/\/manualidadesdemart.com\/Allbrandsmid\/wp-json\/wp\/v2\/product_cat?post=16798"},{"taxonomy":"product_tag","embeddable":true,"href":"https:\/\/manualidadesdemart.com\/Allbrandsmid\/wp-json\/wp\/v2\/product_tag?post=16798"}],"curies":[{"name":"wp","href":"https:\/\/api.w.org\/{rel}","templated":true}]}}