{"id":16604,"date":"2025-09-22T21:36:39","date_gmt":"2025-09-22T21:36:39","guid":{"rendered":"https:\/\/manualidadesdemart.com\/Allbrandsmid\/?post_type=product&#038;p=16604"},"modified":"2025-09-22T21:51:11","modified_gmt":"2025-09-22T21:51:11","slug":"pfg-columbia-ninos-xxs-4-5-18","status":"publish","type":"product","link":"https:\/\/manualidadesdemart.com\/Allbrandsmid\/shop\/ninas\/2-5-anos-ninas\/pfg-columbia-ninos-xxs-4-5-18\/","title":{"rendered":"PFG COLUMBIA NI\u00d1OS XXS (4\/5)"},"content":{"rendered":"<p data-reader-unique-id=\"1\">COLUMBIA PFG NI\u00d1OS<\/p>\n<p data-reader-unique-id=\"2\">MARCA: COLUMBIA<\/p>\n<p data-reader-unique-id=\"3\">TALLA: NI\u00d1OS XXS<\/p>\n<p data-reader-unique-id=\"4\">PRODUCTO 100% ORIGINAL<\/p>\n<p data-reader-unique-id=\"5\">Deja que tu peque\u00f1o viva la aventura con tranquilidad y dale protecci\u00f3n Uv. Dise\u00f1ada con tecnolog\u00edas, lo mantendr\u00e1n cubierto y bastante fresco, para que nada detenga la diversi\u00f3n.<\/p>\n<p data-reader-unique-id=\"6\">Tecnolog\u00edas:<\/p>\n<p data-reader-unique-id=\"7\">\u2022 Omni-Shade UPF Bloquea los da\u00f1inos rayos UV en una variedad de formas: a trav\u00e9s de una construcci\u00f3n de tejido ajustado con absorbentes y reflectores de UV, cuenta con el sello de recomendaci\u00f3n de Skin Cancer Foundation.<br data-reader-unique-id=\"8\" \/>\u2022 Omni-Wick Lo mantiene seco y c\u00f3modo, eliminando la humedad eficientemente.<\/p>\n","protected":false},"excerpt":{"rendered":"<p>TALLA: NI\u00d1OS XXS (4\/5)<\/p>\n","protected":false},"featured_media":16605,"template":"","meta":[],"product_cat":[34,90,33,93],"product_tag":[199,164,172,208],"class_list":{"0":"post-16604","1":"product","2":"type-product","3":"status-publish","4":"has-post-thumbnail","6":"product_cat-ninas","7":"product_cat-2-5-anos-ninas","8":"product_cat-ninos","9":"product_cat-2-5-anos-ninos","10":"product_tag-camisa-columbia","11":"product_tag-columbia","12":"product_tag-pesca","13":"product_tag-pfg","15":"first","16":"instock","17":"purchasable","18":"product-type-simple"},"_links":{"self":[{"href":"https:\/\/manualidadesdemart.com\/Allbrandsmid\/wp-json\/wp\/v2\/product\/16604","targetHints":{"allow":["GET"]}}],"collection":[{"href":"https:\/\/manualidadesdemart.com\/Allbrandsmid\/wp-json\/wp\/v2\/product"}],"about":[{"href":"https:\/\/manualidadesdemart.com\/Allbrandsmid\/wp-json\/wp\/v2\/types\/product"}],"wp:featuredmedia":[{"embeddable":true,"href":"https:\/\/manualidadesdemart.com\/Allbrandsmid\/wp-json\/wp\/v2\/media\/16605"}],"wp:attachment":[{"href":"https:\/\/manualidadesdemart.com\/Allbrandsmid\/wp-json\/wp\/v2\/media?parent=16604"}],"wp:term":[{"taxonomy":"product_cat","embeddable":true,"href":"https:\/\/manualidadesdemart.com\/Allbrandsmid\/wp-json\/wp\/v2\/product_cat?post=16604"},{"taxonomy":"product_tag","embeddable":true,"href":"https:\/\/manualidadesdemart.com\/Allbrandsmid\/wp-json\/wp\/v2\/product_tag?post=16604"}],"curies":[{"name":"wp","href":"https:\/\/api.w.org\/{rel}","templated":true}]}}