{"id":1595,"date":"2021-06-26T00:03:59","date_gmt":"2021-06-26T00:03:59","guid":{"rendered":"https:\/\/manualidadesdemart.com\/Allbrandsmid\/?post_type=product&#038;p=1595"},"modified":"2021-06-26T00:14:32","modified_gmt":"2021-06-26T00:14:32","slug":"sandalias-calvin-klein-5-mex-2","status":"publish","type":"product","link":"https:\/\/manualidadesdemart.com\/Allbrandsmid\/shop\/zapatos\/mujeres-zapatos\/sandalias-calvin-klein-5-mex-2\/","title":{"rendered":"SANDALIAS CALVIN KLEIN 5 MEX"},"content":{"rendered":"<p>SANDALIAS CALVIN KLEIN 5 MEX<\/p>\n<p>MARCA: CALVIN KLEIN<\/p>\n<p>TALLA: 5 MEXICANO<\/p>\n<p>8 AMERICANO<\/p>\n<p>PRODUCTO 100% ORIGINAL<\/p>\n<p>Dise\u00f1o \u00fanico y casual para cualquier d\u00eda de la semana, para la playa, o un d\u00eda de calor, elaborado a base de materiales sint\u00e9ticos de la m\u00e1s alta calidad.<\/p>\n","protected":false},"excerpt":{"rendered":"<p>TALLA: 5 MEXICANO<\/p>\n<p>8 AMERICANO<\/p>\n","protected":false},"featured_media":0,"template":"","meta":[],"product_cat":[31,37,99],"product_tag":[234,172,169,233,248,232],"class_list":{"0":"post-1595","1":"product","2":"type-product","3":"status-publish","5":"product_cat-mujeres","6":"product_cat-zapatos","7":"product_cat-mujeres-zapatos","8":"product_tag-chanclas","9":"product_tag-pesca","10":"product_tag-playa","11":"product_tag-sandalias","12":"product_tag-talla-3","13":"product_tag-zapatos","15":"first","16":"instock","17":"purchasable","18":"product-type-simple"},"_links":{"self":[{"href":"https:\/\/manualidadesdemart.com\/Allbrandsmid\/wp-json\/wp\/v2\/product\/1595","targetHints":{"allow":["GET"]}}],"collection":[{"href":"https:\/\/manualidadesdemart.com\/Allbrandsmid\/wp-json\/wp\/v2\/product"}],"about":[{"href":"https:\/\/manualidadesdemart.com\/Allbrandsmid\/wp-json\/wp\/v2\/types\/product"}],"wp:attachment":[{"href":"https:\/\/manualidadesdemart.com\/Allbrandsmid\/wp-json\/wp\/v2\/media?parent=1595"}],"wp:term":[{"taxonomy":"product_cat","embeddable":true,"href":"https:\/\/manualidadesdemart.com\/Allbrandsmid\/wp-json\/wp\/v2\/product_cat?post=1595"},{"taxonomy":"product_tag","embeddable":true,"href":"https:\/\/manualidadesdemart.com\/Allbrandsmid\/wp-json\/wp\/v2\/product_tag?post=1595"}],"curies":[{"name":"wp","href":"https:\/\/api.w.org\/{rel}","templated":true}]}}