{"id":15574,"date":"2025-08-02T21:35:10","date_gmt":"2025-08-02T21:35:10","guid":{"rendered":"https:\/\/manualidadesdemart.com\/Allbrandsmid\/?post_type=product&#038;p=15574"},"modified":"2026-01-28T23:10:14","modified_gmt":"2026-01-28T23:10:14","slug":"chamarra-columbia-xs-6","status":"publish","type":"product","link":"https:\/\/manualidadesdemart.com\/Allbrandsmid\/shop\/mujeres\/columbia-mujeres\/talla-xxs-s-columbia-mujeres\/chamarra-columbia-xs-6\/","title":{"rendered":"CHAMARRA COLUMBIA XS"},"content":{"rendered":"<div id=\"tab-01\" class=\"product-detail__description__text\">\n<div class=\"productDescription\">\n<p>COLUMBIA CHAMARRA<\/p>\n<p>MARCA: COLUMBIA<\/p>\n<p>TALLA: EXTRA CHICA<\/p>\n<p>PRODUCTO 100% ORIGINAL<\/p>\n<p>C\u00f3moda chamarra de lluvia: La chamarra impermeable Columbia Switchback\u00a0 es un impermeable ligero dise\u00f1ado para mantenerte perfectamente seco.<br \/>\nTecnolog\u00eda avanzada: Esta ligera chamarra impermeable cuenta con nuestra cubierta impermeable Hyrdroplus 100% nailon dise\u00f1ada para mantenerte seco y protegido incluso en los aguaceros m\u00e1s fuertes.<br \/>\nCorte cl\u00e1sico moderno: Cuando el clima est\u00e1 al l\u00edmite, esta es una chamarra impermeable universal ideal para el uso diario, con un corte femenino limpio y c\u00f3modo rango de movimiento. utiliza una cinta m\u00e9trica suave y flexible de un kit de costura. Una cinta m\u00e9trica de metal de tu caja de herramientas o una vara de medir puede darte lecturas inexactas.<br \/>\nCapucha protectora: Tira de ella o gu\u00e1rdala hacia atr\u00e1s, la capucha ajustable te mantendr\u00e1 c\u00f3moda y seca en medio de un aguacero.<br \/>\nCaracter\u00edsticas \u00fatiles: Totalmente impermeable, pu\u00f1os ajustables, dobladillo ajustable con cord\u00f3n, dos bolsillos con cierre para las manos, y toda la chamarra se pliega en su propio bolsillo para facilitar la carga.<br \/>\nUna tecnolog\u00eda de secado r\u00e1pido que repele el agua y las manchas evitando que los l\u00edquidos absorban en los hilos y saturen o manchen tu ropa. Ajuste universal y f\u00e1cil para un c\u00f3modo rango de movimiento<\/p>\n<\/div>\n<\/div>\n<div class=\"product-detail__description__image\"><\/div>\n","protected":false},"excerpt":{"rendered":"<p>TALLA:\u00a0 EXTRA CHICA<\/p>\n","protected":false},"featured_media":15575,"template":"","meta":[],"product_cat":[262,370,31,84,86,85],"product_tag":[],"class_list":{"0":"post-15574","1":"product","2":"type-product","3":"status-publish","4":"has-post-thumbnail","6":"product_cat-columbia-mujeres","7":"product_cat-talla-xxs-s-columbia-mujeres","8":"product_cat-mujeres","9":"product_cat-chamarras-y-sweater","10":"product_cat-sudaderas","11":"product_cat-camisas","13":"first","14":"instock","15":"purchasable","16":"product-type-simple"},"_links":{"self":[{"href":"https:\/\/manualidadesdemart.com\/Allbrandsmid\/wp-json\/wp\/v2\/product\/15574","targetHints":{"allow":["GET"]}}],"collection":[{"href":"https:\/\/manualidadesdemart.com\/Allbrandsmid\/wp-json\/wp\/v2\/product"}],"about":[{"href":"https:\/\/manualidadesdemart.com\/Allbrandsmid\/wp-json\/wp\/v2\/types\/product"}],"wp:featuredmedia":[{"embeddable":true,"href":"https:\/\/manualidadesdemart.com\/Allbrandsmid\/wp-json\/wp\/v2\/media\/15575"}],"wp:attachment":[{"href":"https:\/\/manualidadesdemart.com\/Allbrandsmid\/wp-json\/wp\/v2\/media?parent=15574"}],"wp:term":[{"taxonomy":"product_cat","embeddable":true,"href":"https:\/\/manualidadesdemart.com\/Allbrandsmid\/wp-json\/wp\/v2\/product_cat?post=15574"},{"taxonomy":"product_tag","embeddable":true,"href":"https:\/\/manualidadesdemart.com\/Allbrandsmid\/wp-json\/wp\/v2\/product_tag?post=15574"}],"curies":[{"name":"wp","href":"https:\/\/api.w.org\/{rel}","templated":true}]}}