{"id":15212,"date":"2025-07-24T00:21:53","date_gmt":"2025-07-24T00:21:53","guid":{"rendered":"https:\/\/manualidadesdemart.com\/Allbrandsmid\/?post_type=product&#038;p=15212"},"modified":"2025-07-24T00:23:48","modified_gmt":"2025-07-24T00:23:48","slug":"zapatos-columbia-6-mex-6","status":"publish","type":"product","link":"https:\/\/manualidadesdemart.com\/Allbrandsmid\/shop\/zapatos\/mujeres-zapatos\/zapatos-columbia-6-mex-6\/","title":{"rendered":"ZAPATOS COLUMBIA 6 MEX"},"content":{"rendered":"<p>ZAPATOS COLUMBIA 6 MEX<\/p>\n<p>MARCA: COLUMBIA<\/p>\n<p>TALLA: 6 MEXICANO\u00a0 \u00a08\u00a0 AMERICANO<\/p>\n<p>PRODUCTO 100% ORIGINAL<\/p>\n<p>Dise\u00f1o \u00fanico y casual para cualquier d\u00eda de la semana, para la playa, o un d\u00eda de calor, elaborado a base de materiales sint\u00e9ticos de la m\u00e1s alta calidad.<\/p>\n","protected":false},"excerpt":{"rendered":"<p>TALLA: 6 MEX<\/p>\n","protected":false},"featured_media":13315,"template":"","meta":[],"product_cat":[193,32,37,99],"product_tag":[],"class_list":{"0":"post-15212","1":"product","2":"type-product","3":"status-publish","4":"has-post-thumbnail","6":"product_cat-columbia","7":"product_cat-hombres","8":"product_cat-zapatos","9":"product_cat-mujeres-zapatos","11":"first","12":"instock","13":"purchasable","14":"product-type-simple"},"_links":{"self":[{"href":"https:\/\/manualidadesdemart.com\/Allbrandsmid\/wp-json\/wp\/v2\/product\/15212","targetHints":{"allow":["GET"]}}],"collection":[{"href":"https:\/\/manualidadesdemart.com\/Allbrandsmid\/wp-json\/wp\/v2\/product"}],"about":[{"href":"https:\/\/manualidadesdemart.com\/Allbrandsmid\/wp-json\/wp\/v2\/types\/product"}],"wp:featuredmedia":[{"embeddable":true,"href":"https:\/\/manualidadesdemart.com\/Allbrandsmid\/wp-json\/wp\/v2\/media\/13315"}],"wp:attachment":[{"href":"https:\/\/manualidadesdemart.com\/Allbrandsmid\/wp-json\/wp\/v2\/media?parent=15212"}],"wp:term":[{"taxonomy":"product_cat","embeddable":true,"href":"https:\/\/manualidadesdemart.com\/Allbrandsmid\/wp-json\/wp\/v2\/product_cat?post=15212"},{"taxonomy":"product_tag","embeddable":true,"href":"https:\/\/manualidadesdemart.com\/Allbrandsmid\/wp-json\/wp\/v2\/product_tag?post=15212"}],"curies":[{"name":"wp","href":"https:\/\/api.w.org\/{rel}","templated":true}]}}