{"id":15182,"date":"2025-07-11T23:19:15","date_gmt":"2025-07-11T23:19:15","guid":{"rendered":"https:\/\/manualidadesdemart.com\/Allbrandsmid\/?post_type=product&#038;p=15182"},"modified":"2025-07-11T23:20:52","modified_gmt":"2025-07-11T23:20:52","slug":"columbia-ninos-l-14-16-40","status":"publish","type":"product","link":"https:\/\/manualidadesdemart.com\/Allbrandsmid\/shop\/ninas\/12-18-anos-ninas\/columbia-ninos-l-14-16-40\/","title":{"rendered":"COLUMBIA NI\u00d1OS L (14\/16)"},"content":{"rendered":"<p>COLUMBIA PLAYERA NI\u00d1OS<\/p>\n<p>MARCA: COLUMBIA<\/p>\n<p>TALLA: NI\u00d1OS L (14\/16)<\/p>\n<p>PRODUCTO 100% ORIGINAL<\/p>\n<p>Deja que tu peque\u00f1o viva la aventura con tranquilidad y dale protecci\u00f3n. Dise\u00f1ada con tecnolog\u00edas, lo mantendr\u00e1n cubierto y bastante fresco, para que nada detenga la diversi\u00f3n.<\/p>\n<p class=\"p1\">Tecnolog\u00edas:<\/p>\n<p class=\"p1\">\u2022 Omni-Shade UPF 50 Bloquea los da\u00f1inos rayos UV en una variedad de formas: a trav\u00e9s de una construcci\u00f3n de tejido ajustado con absorbentes y reflectores de UV, cuenta con el sello de recomendaci\u00f3n de Skin Cancer Foundation.<br \/>\n\u2022 Omni-Wick Lo mantiene seco y c\u00f3modo, eliminando la humedad eficientemente.<\/p>\n","protected":false},"excerpt":{"rendered":"<p>TALLA: NI\u00d1OS L (14\/16)<\/p>\n","protected":false},"featured_media":15185,"template":"","meta":[],"product_cat":[34,92,33,95],"product_tag":[206,164,314,207,173,172,208,169,313,202],"class_list":{"0":"post-15182","1":"product","2":"type-product","3":"status-publish","4":"has-post-thumbnail","6":"product_cat-ninas","7":"product_cat-12-18-anos-ninas","8":"product_cat-ninos","9":"product_cat-12-18-anos-ninos","10":"product_tag-camisa","11":"product_tag-columbia","12":"product_tag-con-logo","13":"product_tag-nina","14":"product_tag-nino","15":"product_tag-pesca","16":"product_tag-pfg","17":"product_tag-playa","18":"product_tag-playera-negra","19":"product_tag-talla-grande","21":"first","22":"instock","23":"purchasable","24":"product-type-simple"},"_links":{"self":[{"href":"https:\/\/manualidadesdemart.com\/Allbrandsmid\/wp-json\/wp\/v2\/product\/15182","targetHints":{"allow":["GET"]}}],"collection":[{"href":"https:\/\/manualidadesdemart.com\/Allbrandsmid\/wp-json\/wp\/v2\/product"}],"about":[{"href":"https:\/\/manualidadesdemart.com\/Allbrandsmid\/wp-json\/wp\/v2\/types\/product"}],"wp:featuredmedia":[{"embeddable":true,"href":"https:\/\/manualidadesdemart.com\/Allbrandsmid\/wp-json\/wp\/v2\/media\/15185"}],"wp:attachment":[{"href":"https:\/\/manualidadesdemart.com\/Allbrandsmid\/wp-json\/wp\/v2\/media?parent=15182"}],"wp:term":[{"taxonomy":"product_cat","embeddable":true,"href":"https:\/\/manualidadesdemart.com\/Allbrandsmid\/wp-json\/wp\/v2\/product_cat?post=15182"},{"taxonomy":"product_tag","embeddable":true,"href":"https:\/\/manualidadesdemart.com\/Allbrandsmid\/wp-json\/wp\/v2\/product_tag?post=15182"}],"curies":[{"name":"wp","href":"https:\/\/api.w.org\/{rel}","templated":true}]}}