{"id":14666,"date":"2025-06-06T23:32:54","date_gmt":"2025-06-06T23:32:54","guid":{"rendered":"https:\/\/manualidadesdemart.com\/Allbrandsmid\/?post_type=product&#038;p=14666"},"modified":"2025-06-06T23:49:03","modified_gmt":"2025-06-06T23:49:03","slug":"columbia-pfg-hoddie-gris-xl","status":"publish","type":"product","link":"https:\/\/manualidadesdemart.com\/Allbrandsmid\/shop\/hombres\/columbia\/talla-xl-xxl\/columbia-pfg-hoddie-gris-xl\/","title":{"rendered":"COLUMBIA PFG HODDIE GRIS XL"},"content":{"rendered":"<p>COLUMBIA PLAYERA PFG GRIS HODDIE<\/p>\n<p>MARCA: COLUMBIA<\/p>\n<p>TALLA: XL<\/p>\n<p>Tecnolog\u00edas:<\/p>\n<p>\u2022 Omni-Shade UPF 50 Bloquea los da\u00f1inos rayos UV en una variedad de formas: a trav\u00e9s de una construcci\u00f3n de tejido ajustado con absorbentes y reflectores de UV, cuenta con el sello de recomendaci\u00f3n de Skin Cancer Foundation.<\/p>\n<p>\u2022 Omni-Wick Lo mantiene seco y c\u00f3modo, eliminando la humedad eficientemente.<\/p>\n<p>\u2022 Corte regular para mayor confort.<br \/>\n\u2022 Tejido suave al tacto, amigable con tu piel.<br \/>\n\u2022 Composici\u00f3n: <strong>Poli\u00e9ster<\/strong>.<\/p>\n","protected":false},"excerpt":{"rendered":"<p>TALLA: XL<\/p>\n","protected":false},"featured_media":14667,"template":"","meta":[],"product_cat":[193,197,32,85],"product_tag":[206,209,172,208,169],"class_list":{"0":"post-14666","1":"product","2":"type-product","3":"status-publish","4":"has-post-thumbnail","6":"product_cat-columbia","7":"product_cat-talla-xl-xxl","8":"product_cat-hombres","9":"product_cat-camisas","10":"product_tag-camisa","11":"product_tag-hombre","12":"product_tag-pesca","13":"product_tag-pfg","14":"product_tag-playa","16":"first","17":"instock","18":"purchasable","19":"product-type-simple"},"_links":{"self":[{"href":"https:\/\/manualidadesdemart.com\/Allbrandsmid\/wp-json\/wp\/v2\/product\/14666","targetHints":{"allow":["GET"]}}],"collection":[{"href":"https:\/\/manualidadesdemart.com\/Allbrandsmid\/wp-json\/wp\/v2\/product"}],"about":[{"href":"https:\/\/manualidadesdemart.com\/Allbrandsmid\/wp-json\/wp\/v2\/types\/product"}],"wp:featuredmedia":[{"embeddable":true,"href":"https:\/\/manualidadesdemart.com\/Allbrandsmid\/wp-json\/wp\/v2\/media\/14667"}],"wp:attachment":[{"href":"https:\/\/manualidadesdemart.com\/Allbrandsmid\/wp-json\/wp\/v2\/media?parent=14666"}],"wp:term":[{"taxonomy":"product_cat","embeddable":true,"href":"https:\/\/manualidadesdemart.com\/Allbrandsmid\/wp-json\/wp\/v2\/product_cat?post=14666"},{"taxonomy":"product_tag","embeddable":true,"href":"https:\/\/manualidadesdemart.com\/Allbrandsmid\/wp-json\/wp\/v2\/product_tag?post=14666"}],"curies":[{"name":"wp","href":"https:\/\/api.w.org\/{rel}","templated":true}]}}