{"id":14528,"date":"2025-06-05T20:34:30","date_gmt":"2025-06-05T20:34:30","guid":{"rendered":"https:\/\/manualidadesdemart.com\/Allbrandsmid\/?post_type=product&#038;p=14528"},"modified":"2025-12-12T00:16:29","modified_gmt":"2025-12-12T00:16:29","slug":"blusa-columbia-m-145","status":"publish","type":"product","link":"https:\/\/manualidadesdemart.com\/Allbrandsmid\/shop\/mujeres\/columbia-mujeres\/talla-m-columbia-mujeres\/blusa-columbia-m-145\/","title":{"rendered":"BLUSA COLUMBIA M"},"content":{"rendered":"<p>COLUMBIA BLUSA<\/p>\n<p>MARCA: COLUMBIA<\/p>\n<p>TALLA: M<\/p>\n<p>PRODUCTO 100% ORIGINAL<\/p>\n<p>Omni-Shade: estar seguro y protegido. Omni-shade bloquea los rayos UVA y UVB para ayudar a prevenir quemaduras solares y da\u00f1os a largo plazo en la piel. La construcci\u00f3n de tejido apretado con hilos absorbentes UV bloquea todo el espectro de los da\u00f1inos rayos UV.<\/p>\n<ul>\n<li>Comodidad y transpirabilidad: esta camiseta de manga larga cuenta con una parte trasera ventilada forrada de malla para transpirabilidad y comodidad.<\/li>\n<li>La camisa de manga larga Columbia Pfg cuenta con la exclusiva tela UPF\u00a0 para m\u00e1xima protecci\u00f3n contra los rayos UVA y UVB, tela transpirable que absorbe la humedad para mantenerte fresco y seco mientras est\u00e1s fuera.<\/li>\n<li>Ajuste cl\u00e1sico: con un ajuste cl\u00e1sico moderno, esta camiseta de manga larga es ultraligera y lo suficientemente c\u00f3moda para todas las actividades.<\/li>\n<\/ul>\n","protected":false},"excerpt":{"rendered":"<p>TALLA: M<\/p>\n","protected":false},"featured_media":10863,"template":"","meta":[],"product_cat":[262,371,31,77],"product_tag":[304,164,172,208],"class_list":{"0":"post-14528","1":"product","2":"type-product","3":"status-publish","4":"has-post-thumbnail","6":"product_cat-columbia-mujeres","7":"product_cat-talla-m-columbia-mujeres","8":"product_cat-mujeres","9":"product_cat-blusas","10":"product_tag-bahama","11":"product_tag-columbia","12":"product_tag-pesca","13":"product_tag-pfg","15":"first","16":"instock","17":"purchasable","18":"product-type-simple"},"_links":{"self":[{"href":"https:\/\/manualidadesdemart.com\/Allbrandsmid\/wp-json\/wp\/v2\/product\/14528","targetHints":{"allow":["GET"]}}],"collection":[{"href":"https:\/\/manualidadesdemart.com\/Allbrandsmid\/wp-json\/wp\/v2\/product"}],"about":[{"href":"https:\/\/manualidadesdemart.com\/Allbrandsmid\/wp-json\/wp\/v2\/types\/product"}],"wp:featuredmedia":[{"embeddable":true,"href":"https:\/\/manualidadesdemart.com\/Allbrandsmid\/wp-json\/wp\/v2\/media\/10863"}],"wp:attachment":[{"href":"https:\/\/manualidadesdemart.com\/Allbrandsmid\/wp-json\/wp\/v2\/media?parent=14528"}],"wp:term":[{"taxonomy":"product_cat","embeddable":true,"href":"https:\/\/manualidadesdemart.com\/Allbrandsmid\/wp-json\/wp\/v2\/product_cat?post=14528"},{"taxonomy":"product_tag","embeddable":true,"href":"https:\/\/manualidadesdemart.com\/Allbrandsmid\/wp-json\/wp\/v2\/product_tag?post=14528"}],"curies":[{"name":"wp","href":"https:\/\/api.w.org\/{rel}","templated":true}]}}