{"id":12997,"date":"2024-10-09T18:46:31","date_gmt":"2024-10-09T18:46:31","guid":{"rendered":"https:\/\/manualidadesdemart.com\/Allbrandsmid\/?post_type=product&#038;p=12997"},"modified":"2025-01-21T17:49:30","modified_gmt":"2025-01-21T17:49:30","slug":"playera-columbia-s-5","status":"publish","type":"product","link":"https:\/\/manualidadesdemart.com\/Allbrandsmid\/shop\/hombres\/columbia\/talla-m\/playera-columbia-s-5\/","title":{"rendered":"PLAYERA COLUMBIA M"},"content":{"rendered":"<div class=\"woocommerce-tabs wc-tabs-wrapper\">\n<div id=\"tab-description\" class=\"woocommerce-Tabs-panel woocommerce-Tabs-panel--description panel entry-content wc-tab\" role=\"tabpanel\" aria-labelledby=\"tab-title-description\">\n<p>PLAYERA TIPO POLO<\/p>\n<p>MARCA: COLUMBIA<\/p>\n<p>TALLA: M<\/p>\n<p class=\"p1\">Tecnolog\u00edas:<\/p>\n<ul class=\"ul1\">\n<li class=\"li1\">Omni-Shade: estar seguro y protegido. Omni-shade bloquea los rayos UVA y UVB para ayudar a prevenir quemaduras solares y da\u00f1os a largo plazo en la piel. La construcci\u00f3n de tejido apretado con hilos absorbentes UV bloquea todo el espectro de los da\u00f1inos rayos UV.<\/li>\n<li class=\"li1\">Comodidad y transpirabilidad: esta camiseta de manga corta cuenta con una parte trasera ventilada forrada de malla para transpirabilidad y comodidad.<\/li>\n<li class=\"li1\">La camisa de manga corta Columbia Pfg cuenta con la exclusiva tela UPF<span class=\"Apple-converted-space\">\u00a0 <\/span>para m\u00e1xima protecci\u00f3n contra los rayos UVA y UVB, tela transpirable que absorbe la humedad para mantenerte fresco y seco mientras est\u00e1s fuera.<\/li>\n<li class=\"li1\">Ajuste cl\u00e1sico: con un ajuste cl\u00e1sico moderno, esta camiseta de manga corta es ultraligera y lo suficientemente c\u00f3moda para todas las actividades.<\/li>\n<\/ul>\n<\/div>\n<\/div>\n","protected":false},"excerpt":{"rendered":"<p>TALLA: M<\/p>\n","protected":false},"featured_media":12998,"template":"","meta":[],"product_cat":[193,195,32,85],"product_tag":[199,164,274,198],"class_list":{"0":"post-12997","1":"product","2":"type-product","3":"status-publish","4":"has-post-thumbnail","6":"product_cat-columbia","7":"product_cat-talla-m","8":"product_cat-hombres","9":"product_cat-camisas","10":"product_tag-camisa-columbia","11":"product_tag-columbia","12":"product_tag-mediano","13":"product_tag-polo","15":"first","16":"instock","17":"purchasable","18":"product-type-simple"},"_links":{"self":[{"href":"https:\/\/manualidadesdemart.com\/Allbrandsmid\/wp-json\/wp\/v2\/product\/12997","targetHints":{"allow":["GET"]}}],"collection":[{"href":"https:\/\/manualidadesdemart.com\/Allbrandsmid\/wp-json\/wp\/v2\/product"}],"about":[{"href":"https:\/\/manualidadesdemart.com\/Allbrandsmid\/wp-json\/wp\/v2\/types\/product"}],"wp:featuredmedia":[{"embeddable":true,"href":"https:\/\/manualidadesdemart.com\/Allbrandsmid\/wp-json\/wp\/v2\/media\/12998"}],"wp:attachment":[{"href":"https:\/\/manualidadesdemart.com\/Allbrandsmid\/wp-json\/wp\/v2\/media?parent=12997"}],"wp:term":[{"taxonomy":"product_cat","embeddable":true,"href":"https:\/\/manualidadesdemart.com\/Allbrandsmid\/wp-json\/wp\/v2\/product_cat?post=12997"},{"taxonomy":"product_tag","embeddable":true,"href":"https:\/\/manualidadesdemart.com\/Allbrandsmid\/wp-json\/wp\/v2\/product_tag?post=12997"}],"curies":[{"name":"wp","href":"https:\/\/api.w.org\/{rel}","templated":true}]}}