{"id":12802,"date":"2024-09-28T17:08:18","date_gmt":"2024-09-28T17:08:18","guid":{"rendered":"https:\/\/manualidadesdemart.com\/Allbrandsmid\/?post_type=product&#038;p=12802"},"modified":"2024-09-28T17:56:24","modified_gmt":"2024-09-28T17:56:24","slug":"columbia-pfg-xl-18-20-4","status":"publish","type":"product","link":"https:\/\/manualidadesdemart.com\/Allbrandsmid\/shop\/ninas\/12-18-anos-ninas\/columbia-pfg-xl-18-20-4\/","title":{"rendered":"COLUMBIA PFG XL (18\/20)"},"content":{"rendered":"<p>COLUMBIA<\/p>\n<p>MARCA: COLUMBIA<\/p>\n<p>TALLA: EXTRA GRANDE<\/p>\n<p>Tecnolog\u00edas:<\/p>\n<p>\u2022 Omni-Shade UPF 50 Bloquea los da\u00f1inos rayos UV en una variedad de formas: a trav\u00e9s de una construcci\u00f3n de tejido ajustado con absorbentes y reflectores de UV, cuenta con el sello de recomendaci\u00f3n de Skin Cancer Foundation.<\/p>\n<p>\u2022 Omni-Wick Lo mantiene seco y c\u00f3modo, eliminando la humedad eficientemente.<\/p>\n<p>\u2022 Corte regular para mayor confort.<br \/>\n\u2022 Tejido suave al tacto, amigable con tu piel.<br \/>\n\u2022 Composici\u00f3n: <strong>Poli\u00e9ster<\/strong>.<\/p>\n","protected":false},"excerpt":{"rendered":"<p>TALLA: XL (18\/20)<\/p>\n","protected":false},"featured_media":12803,"template":"","meta":[],"product_cat":[34,92,33,95],"product_tag":[206,209,172,208,169],"class_list":{"0":"post-12802","1":"product","2":"type-product","3":"status-publish","4":"has-post-thumbnail","6":"product_cat-ninas","7":"product_cat-12-18-anos-ninas","8":"product_cat-ninos","9":"product_cat-12-18-anos-ninos","10":"product_tag-camisa","11":"product_tag-hombre","12":"product_tag-pesca","13":"product_tag-pfg","14":"product_tag-playa","16":"first","17":"instock","18":"purchasable","19":"product-type-simple"},"_links":{"self":[{"href":"https:\/\/manualidadesdemart.com\/Allbrandsmid\/wp-json\/wp\/v2\/product\/12802","targetHints":{"allow":["GET"]}}],"collection":[{"href":"https:\/\/manualidadesdemart.com\/Allbrandsmid\/wp-json\/wp\/v2\/product"}],"about":[{"href":"https:\/\/manualidadesdemart.com\/Allbrandsmid\/wp-json\/wp\/v2\/types\/product"}],"wp:featuredmedia":[{"embeddable":true,"href":"https:\/\/manualidadesdemart.com\/Allbrandsmid\/wp-json\/wp\/v2\/media\/12803"}],"wp:attachment":[{"href":"https:\/\/manualidadesdemart.com\/Allbrandsmid\/wp-json\/wp\/v2\/media?parent=12802"}],"wp:term":[{"taxonomy":"product_cat","embeddable":true,"href":"https:\/\/manualidadesdemart.com\/Allbrandsmid\/wp-json\/wp\/v2\/product_cat?post=12802"},{"taxonomy":"product_tag","embeddable":true,"href":"https:\/\/manualidadesdemart.com\/Allbrandsmid\/wp-json\/wp\/v2\/product_tag?post=12802"}],"curies":[{"name":"wp","href":"https:\/\/api.w.org\/{rel}","templated":true}]}}