{"id":12434,"date":"2024-09-12T18:45:33","date_gmt":"2024-09-12T18:45:33","guid":{"rendered":"https:\/\/manualidadesdemart.com\/Allbrandsmid\/?post_type=product&#038;p=12434"},"modified":"2025-07-29T22:48:49","modified_gmt":"2025-07-29T22:48:49","slug":"gorra-columbia-unitalla-89","status":"publish","type":"product","link":"https:\/\/manualidadesdemart.com\/Allbrandsmid\/shop\/bolsas-y-accesorios\/accesorios\/gorra-columbia-unitalla-89\/","title":{"rendered":"GORRA COLUMBIA UNITALLA"},"content":{"rendered":"<ul class=\"a-unordered-list a-vertical a-spacing-mini\">\n<li>COLUMBIA GORRA<\/li>\n<li>MARCA: COLUMBIA<\/li>\n<li>TALLA: UNI<\/li>\n<li><\/li>\n<li>PRODUCTO 100% ORIGINAL<\/li>\n<li><\/li>\n<li><span class=\"a-list-item\">Tecnolog\u00eda de avanzada: El sombrero utiliza tecnolog\u00eda avanzada. Cuenta con la protecci\u00f3n Omni-Shade de Columbia que bloquea los rayos UVA y UVB.<\/span><\/li>\n<li><span class=\"a-list-item\">Perfecta para actividades al aire libre: Tanto si est\u00e1s buscando un sombrero de pesca o para el uso diario, esta es perfecto para actividades al aire libre tanto dentro como fuera del agua.<\/span><\/li>\n<li><\/li>\n<li><span class=\"a-list-item\">Omni-shade: Seguro y protegido. Omni-Shade bloquea los rayos UVA y UVB para ayudar a prevenir quemaduras solares y da\u00f1os a largo plazo en la piel. La construcci\u00f3n de tela herm\u00e9tico con hilos UV absorbentes bloquea todo el espectro de los rayos UV nocivos.<\/span><\/li>\n<\/ul>\n","protected":false},"excerpt":{"rendered":"<ul>\n<li>TALLA: UNITALLA<\/li>\n<\/ul>\n","protected":false},"featured_media":12435,"template":"","meta":[],"product_cat":[116,193,262,31,35,32,36],"product_tag":[203,222,202],"class_list":{"0":"post-12434","1":"product","2":"type-product","3":"status-publish","4":"has-post-thumbnail","6":"product_cat-accesorios","7":"product_cat-columbia","8":"product_cat-columbia-mujeres","9":"product_cat-mujeres","10":"product_cat-accesorios-damas","11":"product_cat-hombres","12":"product_cat-accesorios-caballeros","13":"product_tag-azul","14":"product_tag-gorra","15":"product_tag-talla-grande","17":"first","18":"instock","19":"purchasable","20":"product-type-simple"},"_links":{"self":[{"href":"https:\/\/manualidadesdemart.com\/Allbrandsmid\/wp-json\/wp\/v2\/product\/12434","targetHints":{"allow":["GET"]}}],"collection":[{"href":"https:\/\/manualidadesdemart.com\/Allbrandsmid\/wp-json\/wp\/v2\/product"}],"about":[{"href":"https:\/\/manualidadesdemart.com\/Allbrandsmid\/wp-json\/wp\/v2\/types\/product"}],"wp:featuredmedia":[{"embeddable":true,"href":"https:\/\/manualidadesdemart.com\/Allbrandsmid\/wp-json\/wp\/v2\/media\/12435"}],"wp:attachment":[{"href":"https:\/\/manualidadesdemart.com\/Allbrandsmid\/wp-json\/wp\/v2\/media?parent=12434"}],"wp:term":[{"taxonomy":"product_cat","embeddable":true,"href":"https:\/\/manualidadesdemart.com\/Allbrandsmid\/wp-json\/wp\/v2\/product_cat?post=12434"},{"taxonomy":"product_tag","embeddable":true,"href":"https:\/\/manualidadesdemart.com\/Allbrandsmid\/wp-json\/wp\/v2\/product_tag?post=12434"}],"curies":[{"name":"wp","href":"https:\/\/api.w.org\/{rel}","templated":true}]}}