{"id":12225,"date":"2024-07-24T17:16:23","date_gmt":"2024-07-24T17:16:23","guid":{"rendered":"https:\/\/manualidadesdemart.com\/Allbrandsmid\/?post_type=product&#038;p=12225"},"modified":"2024-08-27T20:00:15","modified_gmt":"2024-08-27T20:00:15","slug":"columbia-ninos-l-14-16-33","status":"publish","type":"product","link":"https:\/\/manualidadesdemart.com\/Allbrandsmid\/shop\/ninas\/12-18-anos-ninas\/columbia-ninos-l-14-16-33\/","title":{"rendered":"COLUMBIA NI\u00d1OS L (14\/16)"},"content":{"rendered":"<p>COLUMBIA CAMISA NI\u00d1OS<\/p>\n<p>MARCA: COLUMBIA<\/p>\n<p>TALLA: NI\u00d1OS L (14\/16)<\/p>\n<p>PRODUCTO 100% ORIGINAL<\/p>\n<p>Deja que tu peque\u00f1o viva la aventura con tranquilidad y dale protecci\u00f3n. Dise\u00f1ada con tecnolog\u00edas, lo mantendr\u00e1n cubierto y bastante fresco, para que nada detenga la diversi\u00f3n.<\/p>\n<p class=\"p1\">Tecnolog\u00edas:<\/p>\n<p class=\"p1\">\u2022 Omni-Shade UPF 50 Bloquea los da\u00f1inos rayos UV en una variedad de formas: a trav\u00e9s de una construcci\u00f3n de tejido ajustado con absorbentes y reflectores de UV, cuenta con el sello de recomendaci\u00f3n de Skin Cancer Foundation.<br \/>\n\u2022 Omni-Wick Lo mantiene seco y c\u00f3modo, eliminando la humedad eficientemente.<\/p>\n","protected":false},"excerpt":{"rendered":"<p>TALLA: NI\u00d1OS L (14\/16)<\/p>\n","protected":false},"featured_media":12224,"template":"","meta":[],"product_cat":[34,92,33,95],"product_tag":[206,164,173,208,184],"class_list":{"0":"post-12225","1":"product","2":"type-product","3":"status-publish","4":"has-post-thumbnail","6":"product_cat-ninas","7":"product_cat-12-18-anos-ninas","8":"product_cat-ninos","9":"product_cat-12-18-anos-ninos","10":"product_tag-camisa","11":"product_tag-columbia","12":"product_tag-nino","13":"product_tag-pfg","14":"product_tag-talla-chico","16":"first","17":"instock","18":"purchasable","19":"product-type-simple"},"_links":{"self":[{"href":"https:\/\/manualidadesdemart.com\/Allbrandsmid\/wp-json\/wp\/v2\/product\/12225","targetHints":{"allow":["GET"]}}],"collection":[{"href":"https:\/\/manualidadesdemart.com\/Allbrandsmid\/wp-json\/wp\/v2\/product"}],"about":[{"href":"https:\/\/manualidadesdemart.com\/Allbrandsmid\/wp-json\/wp\/v2\/types\/product"}],"wp:featuredmedia":[{"embeddable":true,"href":"https:\/\/manualidadesdemart.com\/Allbrandsmid\/wp-json\/wp\/v2\/media\/12224"}],"wp:attachment":[{"href":"https:\/\/manualidadesdemart.com\/Allbrandsmid\/wp-json\/wp\/v2\/media?parent=12225"}],"wp:term":[{"taxonomy":"product_cat","embeddable":true,"href":"https:\/\/manualidadesdemart.com\/Allbrandsmid\/wp-json\/wp\/v2\/product_cat?post=12225"},{"taxonomy":"product_tag","embeddable":true,"href":"https:\/\/manualidadesdemart.com\/Allbrandsmid\/wp-json\/wp\/v2\/product_tag?post=12225"}],"curies":[{"name":"wp","href":"https:\/\/api.w.org\/{rel}","templated":true}]}}