{"id":11764,"date":"2024-07-13T19:29:46","date_gmt":"2024-07-13T19:29:46","guid":{"rendered":"https:\/\/manualidadesdemart.com\/Allbrandsmid\/?post_type=product&#038;p=11764"},"modified":"2024-08-27T20:51:31","modified_gmt":"2024-08-27T20:51:31","slug":"chamarra-columbia-ninos-xxs-4-5","status":"publish","type":"product","link":"https:\/\/manualidadesdemart.com\/Allbrandsmid\/shop\/ninas\/2-5-anos-ninas\/chamarra-columbia-ninos-xxs-4-5\/","title":{"rendered":"CHAMARRA IMPERMEABLE COLUMBIA NI\u00d1OS XXS (4\/5)"},"content":{"rendered":"<div id=\"tab-01\" class=\"product-detail__description__text\">\n<div class=\"productDescription\">\n<p>COLUMBIA CHAMARRA NI\u00d1OS<\/p>\n<p>MARCA: COLUMBIA<\/p>\n<p>TALLA: XXS (4\/5)<\/p>\n<p>PRODUCTO 100% ORIGINAL<\/p>\n<p>La costura totalmente sellada de Omni-Tech\u2122 evita que la humedad se penetre en cada costura utilizando un tejido impermeable y transpirable, por lo que se mantiene completamente seco bajo la lluvia<\/p>\n<p>Malla forrada para permitir el flujo de aire<\/p>\n<p>La parte delantera con cremallera con solapa de tormenta asegurada con gancho y bucle ayuda a bloquear la lluvia<\/p>\n<p>La pesta\u00f1a ajustable en la parte posterior de la capucha la aleja de su cara para un mejor ajuste<\/p>\n<p>Bolsillos de mano con cremallera para art\u00edculos peque\u00f1os<\/p>\n<p>Los pu\u00f1os ajustables sellan los elementos<\/p>\n<p>Detalles reflectantes en la parte delantera y trasera<\/p>\n<p>Bot\u00f3n a presi\u00f3n en el cuello para un ajuste r\u00e1pido y f\u00e1cil<\/p>\n<p>Longitud central de la espalda: 20,5 pulgadas \/ 52,1 cm<\/p>\n<\/div>\n<\/div>\n<div class=\"product-detail__description__image\"><\/div>\n","protected":false},"excerpt":{"rendered":"<p>TALLA: XXS (4\/5)<\/p>\n","protected":false},"featured_media":11767,"template":"","meta":[],"product_cat":[84,86,34,90,33,93],"product_tag":[],"class_list":{"0":"post-11764","1":"product","2":"type-product","3":"status-publish","4":"has-post-thumbnail","6":"product_cat-chamarras-y-sweater","7":"product_cat-sudaderas","8":"product_cat-ninas","9":"product_cat-2-5-anos-ninas","10":"product_cat-ninos","11":"product_cat-2-5-anos-ninos","13":"first","14":"instock","15":"purchasable","16":"product-type-simple"},"_links":{"self":[{"href":"https:\/\/manualidadesdemart.com\/Allbrandsmid\/wp-json\/wp\/v2\/product\/11764","targetHints":{"allow":["GET"]}}],"collection":[{"href":"https:\/\/manualidadesdemart.com\/Allbrandsmid\/wp-json\/wp\/v2\/product"}],"about":[{"href":"https:\/\/manualidadesdemart.com\/Allbrandsmid\/wp-json\/wp\/v2\/types\/product"}],"wp:featuredmedia":[{"embeddable":true,"href":"https:\/\/manualidadesdemart.com\/Allbrandsmid\/wp-json\/wp\/v2\/media\/11767"}],"wp:attachment":[{"href":"https:\/\/manualidadesdemart.com\/Allbrandsmid\/wp-json\/wp\/v2\/media?parent=11764"}],"wp:term":[{"taxonomy":"product_cat","embeddable":true,"href":"https:\/\/manualidadesdemart.com\/Allbrandsmid\/wp-json\/wp\/v2\/product_cat?post=11764"},{"taxonomy":"product_tag","embeddable":true,"href":"https:\/\/manualidadesdemart.com\/Allbrandsmid\/wp-json\/wp\/v2\/product_tag?post=11764"}],"curies":[{"name":"wp","href":"https:\/\/api.w.org\/{rel}","templated":true}]}}