{"id":11757,"date":"2024-07-13T19:17:14","date_gmt":"2024-07-13T19:17:14","guid":{"rendered":"https:\/\/manualidadesdemart.com\/Allbrandsmid\/?post_type=product&#038;p=11757"},"modified":"2024-08-27T20:15:38","modified_gmt":"2024-08-27T20:15:38","slug":"chamarra-columbia-6-12-meses","status":"publish","type":"product","link":"https:\/\/manualidadesdemart.com\/Allbrandsmid\/shop\/bebe\/0-12-meses\/chamarra-columbia-6-12-meses\/","title":{"rendered":"CHAMARRA COLUMBIA 6\/12 MESES"},"content":{"rendered":"<p>CHAMARRA NI\u00d1O<\/p>\n<p>MARCA: COLUMBIA<\/p>\n<ul class=\"a-unordered-list a-vertical a-spacing-mini\">\n<li>TALLA: 6\/12 MESES<\/li>\n<li><\/li>\n<li>PRODUCTO 100% ORIGINAL<\/li>\n<li><\/li>\n<li><\/li>\n<li><\/li>\n<li><span class=\"a-list-item\">Omni-shade: Seguro y protegido. Omni-Shade bloquea los rayos UVA y UVB para ayudar a prevenir quemaduras solares y da\u00f1os a largo plazo en la piel. La construcci\u00f3n de tela herm\u00e9tico con hilos UV absorbentes bloquea todo el espectro de los rayos UV nocivos.<\/span><\/li>\n<\/ul>\n","protected":false},"excerpt":{"rendered":"<p>TALLA: 6\/12 MESES<\/p>\n","protected":false},"featured_media":11758,"template":"","meta":[],"product_cat":[84,86,34,90,33,94,96,97],"product_tag":[],"class_list":{"0":"post-11757","1":"product","2":"type-product","3":"status-publish","4":"has-post-thumbnail","6":"product_cat-chamarras-y-sweater","7":"product_cat-sudaderas","8":"product_cat-ninas","9":"product_cat-2-5-anos-ninas","10":"product_cat-ninos","11":"product_cat-6-10-anos-ninos","12":"product_cat-bebe","13":"product_cat-0-12-meses","15":"first","16":"instock","17":"purchasable","18":"product-type-simple"},"_links":{"self":[{"href":"https:\/\/manualidadesdemart.com\/Allbrandsmid\/wp-json\/wp\/v2\/product\/11757","targetHints":{"allow":["GET"]}}],"collection":[{"href":"https:\/\/manualidadesdemart.com\/Allbrandsmid\/wp-json\/wp\/v2\/product"}],"about":[{"href":"https:\/\/manualidadesdemart.com\/Allbrandsmid\/wp-json\/wp\/v2\/types\/product"}],"wp:featuredmedia":[{"embeddable":true,"href":"https:\/\/manualidadesdemart.com\/Allbrandsmid\/wp-json\/wp\/v2\/media\/11758"}],"wp:attachment":[{"href":"https:\/\/manualidadesdemart.com\/Allbrandsmid\/wp-json\/wp\/v2\/media?parent=11757"}],"wp:term":[{"taxonomy":"product_cat","embeddable":true,"href":"https:\/\/manualidadesdemart.com\/Allbrandsmid\/wp-json\/wp\/v2\/product_cat?post=11757"},{"taxonomy":"product_tag","embeddable":true,"href":"https:\/\/manualidadesdemart.com\/Allbrandsmid\/wp-json\/wp\/v2\/product_tag?post=11757"}],"curies":[{"name":"wp","href":"https:\/\/api.w.org\/{rel}","templated":true}]}}