{"id":11644,"date":"2024-06-28T17:55:12","date_gmt":"2024-06-28T17:55:12","guid":{"rendered":"https:\/\/manualidadesdemart.com\/Allbrandsmid\/?post_type=product&#038;p=11644"},"modified":"2025-08-01T04:53:57","modified_gmt":"2025-08-01T04:53:57","slug":"collar-para-mascota-l","status":"publish","type":"product","link":"https:\/\/manualidadesdemart.com\/Allbrandsmid\/shop\/bolsas-y-accesorios\/accesorios\/collar-para-mascota-l\/","title":{"rendered":"COLLAR PARA MASCOTA L"},"content":{"rendered":"<p>CAMISA COLUMBIA<\/p>\n<p>MARCA: COLUMBIA<\/p>\n<p>TALLA: Grande &#8211; Longitud: 17&#8243;-27,5&#8243;, Ancho &#8211; 1,25&#8243;, 50-75 libras<\/p>\n<p>PRODUCTO 100% ORIGINAL<\/p>\n<ul>\n<li><\/li>\n<\/ul>\n<ul>\n<li>Pondr\u00e1n su mejor pata hacia adelante en este collar ajustable con un cierre de hebilla a presi\u00f3n y bucles para sujetar art\u00edculos como una correa y placa.<\/li>\n<\/ul>\n","protected":false},"excerpt":{"rendered":"<p>TALLA: L<\/p>\n","protected":false},"featured_media":11642,"template":"","meta":[],"product_cat":[116,35,36],"product_tag":[164],"class_list":{"0":"post-11644","1":"product","2":"type-product","3":"status-publish","4":"has-post-thumbnail","6":"product_cat-accesorios","7":"product_cat-accesorios-damas","8":"product_cat-accesorios-caballeros","9":"product_tag-columbia","11":"first","12":"instock","13":"purchasable","14":"product-type-simple"},"_links":{"self":[{"href":"https:\/\/manualidadesdemart.com\/Allbrandsmid\/wp-json\/wp\/v2\/product\/11644","targetHints":{"allow":["GET"]}}],"collection":[{"href":"https:\/\/manualidadesdemart.com\/Allbrandsmid\/wp-json\/wp\/v2\/product"}],"about":[{"href":"https:\/\/manualidadesdemart.com\/Allbrandsmid\/wp-json\/wp\/v2\/types\/product"}],"wp:featuredmedia":[{"embeddable":true,"href":"https:\/\/manualidadesdemart.com\/Allbrandsmid\/wp-json\/wp\/v2\/media\/11642"}],"wp:attachment":[{"href":"https:\/\/manualidadesdemart.com\/Allbrandsmid\/wp-json\/wp\/v2\/media?parent=11644"}],"wp:term":[{"taxonomy":"product_cat","embeddable":true,"href":"https:\/\/manualidadesdemart.com\/Allbrandsmid\/wp-json\/wp\/v2\/product_cat?post=11644"},{"taxonomy":"product_tag","embeddable":true,"href":"https:\/\/manualidadesdemart.com\/Allbrandsmid\/wp-json\/wp\/v2\/product_tag?post=11644"}],"curies":[{"name":"wp","href":"https:\/\/api.w.org\/{rel}","templated":true}]}}