{"id":11310,"date":"2024-04-17T22:26:36","date_gmt":"2024-04-17T22:26:36","guid":{"rendered":"https:\/\/manualidadesdemart.com\/Allbrandsmid\/?post_type=product&#038;p=11310"},"modified":"2025-08-01T04:55:48","modified_gmt":"2025-08-01T04:55:48","slug":"sandalias-columbia-6-mex-5","status":"publish","type":"product","link":"https:\/\/manualidadesdemart.com\/Allbrandsmid\/shop\/zapatos\/mujeres-zapatos\/sandalias-columbia-6-mex-5\/","title":{"rendered":"SANDALIAS COLUMBIA 6 MEX"},"content":{"rendered":"<p>SANDALIAS COLUMBIA 6 MEX<\/p>\n<p>MARCA: COLUMBIA<\/p>\n<p>TALLA: 6 MEXICANO<\/p>\n<p>9 AMERICANO<\/p>\n<p>PRODUCTO 100% ORIGINAL<\/p>\n<p>Dise\u00f1o \u00fanico y casual para cualquier d\u00eda de la semana, para la playa, o un d\u00eda de calor, elaborado a base de materiales sint\u00e9ticos de la m\u00e1s alta calidad.<\/p>\n","protected":false},"excerpt":{"rendered":"<p>TALLA: 6 MEXICANO<\/p>\n<p>9 AMERICANO<\/p>\n","protected":false},"featured_media":11311,"template":"","meta":[],"product_cat":[37,100,99],"product_tag":[234,172,169,233,232],"class_list":{"0":"post-11310","1":"product","2":"type-product","3":"status-publish","4":"has-post-thumbnail","6":"product_cat-zapatos","7":"product_cat-hombres-zapatos","8":"product_cat-mujeres-zapatos","9":"product_tag-chanclas","10":"product_tag-pesca","11":"product_tag-playa","12":"product_tag-sandalias","13":"product_tag-zapatos","15":"first","16":"instock","17":"purchasable","18":"product-type-simple"},"_links":{"self":[{"href":"https:\/\/manualidadesdemart.com\/Allbrandsmid\/wp-json\/wp\/v2\/product\/11310","targetHints":{"allow":["GET"]}}],"collection":[{"href":"https:\/\/manualidadesdemart.com\/Allbrandsmid\/wp-json\/wp\/v2\/product"}],"about":[{"href":"https:\/\/manualidadesdemart.com\/Allbrandsmid\/wp-json\/wp\/v2\/types\/product"}],"wp:featuredmedia":[{"embeddable":true,"href":"https:\/\/manualidadesdemart.com\/Allbrandsmid\/wp-json\/wp\/v2\/media\/11311"}],"wp:attachment":[{"href":"https:\/\/manualidadesdemart.com\/Allbrandsmid\/wp-json\/wp\/v2\/media?parent=11310"}],"wp:term":[{"taxonomy":"product_cat","embeddable":true,"href":"https:\/\/manualidadesdemart.com\/Allbrandsmid\/wp-json\/wp\/v2\/product_cat?post=11310"},{"taxonomy":"product_tag","embeddable":true,"href":"https:\/\/manualidadesdemart.com\/Allbrandsmid\/wp-json\/wp\/v2\/product_tag?post=11310"}],"curies":[{"name":"wp","href":"https:\/\/api.w.org\/{rel}","templated":true}]}}