{"id":11062,"date":"2024-04-12T22:12:13","date_gmt":"2024-04-12T22:12:13","guid":{"rendered":"https:\/\/manualidadesdemart.com\/Allbrandsmid\/?post_type=product&#038;p=11062"},"modified":"2024-08-28T00:45:07","modified_gmt":"2024-08-28T00:45:07","slug":"chamarra-columbia-s-8-2","status":"publish","type":"product","link":"https:\/\/manualidadesdemart.com\/Allbrandsmid\/shop\/ninas\/6-10-anos-ninas\/chamarra-columbia-s-8-2\/","title":{"rendered":"CHAMARRA COLUMBIA S (8)"},"content":{"rendered":"<p>CHAMARRA NI\u00d1O<\/p>\n<p>MARCA: COLUMBIA<\/p>\n<ul class=\"a-unordered-list a-vertical a-spacing-mini\">\n<li>TALLA: S<\/li>\n<li><\/li>\n<li>PRODUCTO 100% ORIGINAL<\/li>\n<li><\/li>\n<li><span class=\"a-list-item\">Tecnolog\u00eda de avanzada: El sombrero utiliza tecnolog\u00eda avanzada. Cuenta con la protecci\u00f3n Omni-Shade de Columbia que bloquea los rayos UVA y UVB.<\/span><\/li>\n<li><span class=\"a-list-item\">Perfecta para actividades al aire libre: Tanto si est\u00e1s buscando un sombrero de pesca o para el uso diario, esta es perfecto para actividades al aire libre tanto dentro como fuera del agua.<\/span><\/li>\n<li><\/li>\n<li><span class=\"a-list-item\">Omni-shade: Seguro y protegido. Omni-Shade bloquea los rayos UVA y UVB para ayudar a prevenir quemaduras solares y da\u00f1os a largo plazo en la piel. La construcci\u00f3n de tela herm\u00e9tico con hilos UV absorbentes bloquea todo el espectro de los rayos UV nocivos.<\/span><\/li>\n<\/ul>\n","protected":false},"excerpt":{"rendered":"<p>TALLA: (8) NI\u00d1O<\/p>\n","protected":false},"featured_media":11063,"template":"","meta":[],"product_cat":[84,86,34,91,33,94],"product_tag":[],"class_list":{"0":"post-11062","1":"product","2":"type-product","3":"status-publish","4":"has-post-thumbnail","6":"product_cat-chamarras-y-sweater","7":"product_cat-sudaderas","8":"product_cat-ninas","9":"product_cat-6-10-anos-ninas","10":"product_cat-ninos","11":"product_cat-6-10-anos-ninos","13":"first","14":"instock","15":"purchasable","16":"product-type-simple"},"_links":{"self":[{"href":"https:\/\/manualidadesdemart.com\/Allbrandsmid\/wp-json\/wp\/v2\/product\/11062","targetHints":{"allow":["GET"]}}],"collection":[{"href":"https:\/\/manualidadesdemart.com\/Allbrandsmid\/wp-json\/wp\/v2\/product"}],"about":[{"href":"https:\/\/manualidadesdemart.com\/Allbrandsmid\/wp-json\/wp\/v2\/types\/product"}],"wp:featuredmedia":[{"embeddable":true,"href":"https:\/\/manualidadesdemart.com\/Allbrandsmid\/wp-json\/wp\/v2\/media\/11063"}],"wp:attachment":[{"href":"https:\/\/manualidadesdemart.com\/Allbrandsmid\/wp-json\/wp\/v2\/media?parent=11062"}],"wp:term":[{"taxonomy":"product_cat","embeddable":true,"href":"https:\/\/manualidadesdemart.com\/Allbrandsmid\/wp-json\/wp\/v2\/product_cat?post=11062"},{"taxonomy":"product_tag","embeddable":true,"href":"https:\/\/manualidadesdemart.com\/Allbrandsmid\/wp-json\/wp\/v2\/product_tag?post=11062"}],"curies":[{"name":"wp","href":"https:\/\/api.w.org\/{rel}","templated":true}]}}